{"id":58,"date":"2021-04-12T14:27:35","date_gmt":"2021-04-12T12:27:35","guid":{"rendered":"http:\/\/geiq-gard.fr\/?page_id=58"},"modified":"2021-06-08T23:30:26","modified_gmt":"2021-06-08T21:30:26","slug":"notre-identite","status":"publish","type":"page","link":"https:\/\/geiq-gard.fr\/index.php\/notre-identite\/","title":{"rendered":"Notre identit\u00e9"},"content":{"rendered":"\t\t<div data-elementor-type=\"wp-page\" data-elementor-id=\"58\" class=\"elementor elementor-58\" data-elementor-settings=\"[]\">\n\t\t\t\t\t\t\t<div class=\"elementor-section-wrap\">\n\t\t\t\t\t\t\t<section class=\"elementor-section elementor-top-section elementor-element elementor-element-a2584d6 elementor-section-boxed elementor-section-height-default elementor-section-height-default\" data-id=\"a2584d6\" data-element_type=\"section\">\n\t\t\t\t\t\t<div class=\"elementor-container elementor-column-gap-default\">\n\t\t\t\t\t<div class=\"elementor-column elementor-col-100 elementor-top-column elementor-element elementor-element-b111652\" data-id=\"b111652\" data-element_type=\"column\">\n\t\t\t<div class=\"elementor-widget-wrap elementor-element-populated\">\n\t\t\t\t\t\t\t\t<div class=\"elementor-element elementor-element-681332b elementor-widget elementor-widget-spacer\" data-id=\"681332b\" data-element_type=\"widget\" data-widget_type=\"spacer.default\">\n\t\t\t\t<div class=\"elementor-widget-container\">\n\t\t\t\t\t<div class=\"elementor-spacer\">\n\t\t\t<div class=\"elementor-spacer-inner\"><\/div>\n\t\t<\/div>\n\t\t\t\t<\/div>\n\t\t\t\t<\/div>\n\t\t\t\t<div class=\"elementor-element elementor-element-1bf67a1 elementor-widget elementor-widget-heading\" data-id=\"1bf67a1\" data-element_type=\"widget\" data-widget_type=\"heading.default\">\n\t\t\t\t<div class=\"elementor-widget-container\">\n\t\t\t<h2 class=\"elementor-heading-title elementor-size-default\">Notre identit\u00e9<\/h2>\t\t<\/div>\n\t\t\t\t<\/div>\n\t\t\t\t\t<\/div>\n\t\t<\/div>\n\t\t\t\t\t\t\t<\/div>\n\t\t<\/section>\n\t\t\t\t<section class=\"elementor-section elementor-top-section elementor-element elementor-element-8136fe5 elementor-section-boxed elementor-section-height-default elementor-section-height-default\" data-id=\"8136fe5\" data-element_type=\"section\">\n\t\t\t\t\t\t<div class=\"elementor-container elementor-column-gap-default\">\n\t\t\t\t\t<div class=\"elementor-column elementor-col-100 elementor-top-column elementor-element elementor-element-c166b8b\" data-id=\"c166b8b\" data-element_type=\"column\">\n\t\t\t<div class=\"elementor-widget-wrap elementor-element-populated\">\n\t\t\t\t\t\t\t\t<div class=\"elementor-element elementor-element-7a02a68 elementor-widget elementor-widget-spacer\" data-id=\"7a02a68\" data-element_type=\"widget\" data-widget_type=\"spacer.default\">\n\t\t\t\t<div class=\"elementor-widget-container\">\n\t\t\t\t\t<div class=\"elementor-spacer\">\n\t\t\t<div class=\"elementor-spacer-inner\"><\/div>\n\t\t<\/div>\n\t\t\t\t<\/div>\n\t\t\t\t<\/div>\n\t\t\t\t<div class=\"elementor-element elementor-element-72d30a6 elementor-widget elementor-widget-text-editor\" data-id=\"72d30a6\" data-element_type=\"widget\" data-widget_type=\"text-editor.default\">\n\t\t\t\t<div class=\"elementor-widget-container\">\n\t\t\t\t\t\t\t\t<p><span style=\"color: #000000;\">Depuis 2013 , nous avons l&rsquo;habitude de mettre en avant le GEIQ en faisant un calendrier original sur des th\u00e8mes diff\u00e9rents.<\/span><\/p><p><span style=\"color: #000000;\">Voici nos calendriers dans l&rsquo;ordre du premier(2013) au dernier(2020) :\u00a0\u00a0<\/span><\/p>\t\t\t\t\t\t<\/div>\n\t\t\t\t<\/div>\n\t\t\t\t\t<\/div>\n\t\t<\/div>\n\t\t\t\t\t\t\t<\/div>\n\t\t<\/section>\n\t\t\t\t<section class=\"elementor-section elementor-top-section elementor-element elementor-element-dc34fa3 elementor-section-boxed elementor-section-height-default elementor-section-height-default\" data-id=\"dc34fa3\" data-element_type=\"section\">\n\t\t\t\t\t\t<div class=\"elementor-container elementor-column-gap-default\">\n\t\t\t\t\t<div class=\"elementor-column elementor-col-100 elementor-top-column elementor-element elementor-element-107cac6\" data-id=\"107cac6\" data-element_type=\"column\">\n\t\t\t<div class=\"elementor-widget-wrap elementor-element-populated\">\n\t\t\t\t\t\t\t\t<div class=\"elementor-element elementor-element-9a7bcaa gallery-spacing-custom elementor-widget elementor-widget-image-gallery\" data-id=\"9a7bcaa\" data-element_type=\"widget\" data-widget_type=\"image-gallery.default\">\n\t\t\t\t<div class=\"elementor-widget-container\">\n\t\t\t\t\t<div class=\"elementor-image-gallery\">\n\t\t\t<div id='gallery-1' class='gallery galleryid-58 gallery-columns-4 gallery-size-medium'><figure class='gallery-item'>\n\t\t\t<div class='gallery-icon portrait'>\n\t\t\t\t<a data-elementor-open-lightbox=\"yes\" data-elementor-lightbox-slideshow=\"9a7bcaa\" data-elementor-lightbox-title=\"calendrier 1\" href='https:\/\/geiq-gard.fr\/wp-content\/uploads\/2021\/04\/calendrier-1.png'><img width=\"224\" height=\"300\" src=\"https:\/\/geiq-gard.fr\/wp-content\/uploads\/2021\/04\/calendrier-1-224x300.png\" class=\"attachment-medium size-medium\" alt=\"calendrier 1\" loading=\"lazy\" srcset=\"https:\/\/geiq-gard.fr\/wp-content\/uploads\/2021\/04\/calendrier-1-224x300.png 224w, https:\/\/geiq-gard.fr\/wp-content\/uploads\/2021\/04\/calendrier-1.png 358w\" sizes=\"(max-width: 224px) 100vw, 224px\" \/><\/a>\n\t\t\t<\/div><\/figure><figure class='gallery-item'>\n\t\t\t<div class='gallery-icon portrait'>\n\t\t\t\t<a data-elementor-open-lightbox=\"yes\" data-elementor-lightbox-slideshow=\"9a7bcaa\" data-elementor-lightbox-title=\"calendrier 2\" href='https:\/\/geiq-gard.fr\/wp-content\/uploads\/2021\/04\/calendrier-2.png'><img width=\"225\" height=\"300\" src=\"https:\/\/geiq-gard.fr\/wp-content\/uploads\/2021\/04\/calendrier-2-225x300.png\" class=\"attachment-medium size-medium\" alt=\"calendrier 2\" loading=\"lazy\" srcset=\"https:\/\/geiq-gard.fr\/wp-content\/uploads\/2021\/04\/calendrier-2-225x300.png 225w, https:\/\/geiq-gard.fr\/wp-content\/uploads\/2021\/04\/calendrier-2.png 358w\" sizes=\"(max-width: 225px) 100vw, 225px\" \/><\/a>\n\t\t\t<\/div><\/figure><figure class='gallery-item'>\n\t\t\t<div class='gallery-icon portrait'>\n\t\t\t\t<a data-elementor-open-lightbox=\"yes\" data-elementor-lightbox-slideshow=\"9a7bcaa\" data-elementor-lightbox-title=\"calendrier 3\" href='https:\/\/geiq-gard.fr\/wp-content\/uploads\/2021\/04\/calendrier-3-1.png'><img width=\"224\" height=\"300\" src=\"https:\/\/geiq-gard.fr\/wp-content\/uploads\/2021\/04\/calendrier-3-1-224x300.png\" class=\"attachment-medium size-medium\" alt=\"calendrier 3\" loading=\"lazy\" srcset=\"https:\/\/geiq-gard.fr\/wp-content\/uploads\/2021\/04\/calendrier-3-1-224x300.png 224w, https:\/\/geiq-gard.fr\/wp-content\/uploads\/2021\/04\/calendrier-3-1.png 355w\" sizes=\"(max-width: 224px) 100vw, 224px\" \/><\/a>\n\t\t\t<\/div><\/figure><figure class='gallery-item'>\n\t\t\t<div class='gallery-icon portrait'>\n\t\t\t\t<a data-elementor-open-lightbox=\"yes\" data-elementor-lightbox-slideshow=\"9a7bcaa\" data-elementor-lightbox-title=\"calendrier 4\" href='https:\/\/geiq-gard.fr\/wp-content\/uploads\/2021\/04\/calendrier-4.png'><img width=\"222\" height=\"300\" src=\"https:\/\/geiq-gard.fr\/wp-content\/uploads\/2021\/04\/calendrier-4-222x300.png\" class=\"attachment-medium size-medium\" alt=\"calendrier 4\" loading=\"lazy\" srcset=\"https:\/\/geiq-gard.fr\/wp-content\/uploads\/2021\/04\/calendrier-4-222x300.png 222w, https:\/\/geiq-gard.fr\/wp-content\/uploads\/2021\/04\/calendrier-4.png 354w\" sizes=\"(max-width: 222px) 100vw, 222px\" \/><\/a>\n\t\t\t<\/div><\/figure><figure class='gallery-item'>\n\t\t\t<div class='gallery-icon portrait'>\n\t\t\t\t<a data-elementor-open-lightbox=\"yes\" data-elementor-lightbox-slideshow=\"9a7bcaa\" data-elementor-lightbox-title=\"calendrier 5\" href='https:\/\/geiq-gard.fr\/wp-content\/uploads\/2021\/04\/calendrier-5.png'><img width=\"222\" height=\"300\" src=\"https:\/\/geiq-gard.fr\/wp-content\/uploads\/2021\/04\/calendrier-5-222x300.png\" class=\"attachment-medium size-medium\" alt=\"calendrier 5\" loading=\"lazy\" srcset=\"https:\/\/geiq-gard.fr\/wp-content\/uploads\/2021\/04\/calendrier-5-222x300.png 222w, https:\/\/geiq-gard.fr\/wp-content\/uploads\/2021\/04\/calendrier-5.png 354w\" sizes=\"(max-width: 222px) 100vw, 222px\" \/><\/a>\n\t\t\t<\/div><\/figure><figure class='gallery-item'>\n\t\t\t<div class='gallery-icon portrait'>\n\t\t\t\t<a data-elementor-open-lightbox=\"yes\" data-elementor-lightbox-slideshow=\"9a7bcaa\" data-elementor-lightbox-title=\"calendrier 6\" href='https:\/\/geiq-gard.fr\/wp-content\/uploads\/2021\/04\/calendrier-6.png'><img width=\"219\" height=\"300\" src=\"https:\/\/geiq-gard.fr\/wp-content\/uploads\/2021\/04\/calendrier-6-219x300.png\" class=\"attachment-medium size-medium\" alt=\"calendrier 6\" loading=\"lazy\" srcset=\"https:\/\/geiq-gard.fr\/wp-content\/uploads\/2021\/04\/calendrier-6-219x300.png 219w, https:\/\/geiq-gard.fr\/wp-content\/uploads\/2021\/04\/calendrier-6.png 351w\" sizes=\"(max-width: 219px) 100vw, 219px\" \/><\/a>\n\t\t\t<\/div><\/figure><figure class='gallery-item'>\n\t\t\t<div class='gallery-icon portrait'>\n\t\t\t\t<a data-elementor-open-lightbox=\"yes\" data-elementor-lightbox-slideshow=\"9a7bcaa\" data-elementor-lightbox-title=\"calendrier 7\" href='https:\/\/geiq-gard.fr\/wp-content\/uploads\/2021\/04\/calendrier-7.png'><img width=\"223\" height=\"300\" src=\"https:\/\/geiq-gard.fr\/wp-content\/uploads\/2021\/04\/calendrier-7-223x300.png\" class=\"attachment-medium size-medium\" alt=\"calendrier 7\" loading=\"lazy\" srcset=\"https:\/\/geiq-gard.fr\/wp-content\/uploads\/2021\/04\/calendrier-7-223x300.png 223w, https:\/\/geiq-gard.fr\/wp-content\/uploads\/2021\/04\/calendrier-7.png 353w\" sizes=\"(max-width: 223px) 100vw, 223px\" \/><\/a>\n\t\t\t<\/div><\/figure><figure class='gallery-item'>\n\t\t\t<div class='gallery-icon portrait'>\n\t\t\t\t<a data-elementor-open-lightbox=\"yes\" data-elementor-lightbox-slideshow=\"9a7bcaa\" data-elementor-lightbox-title=\"calendrier 8\" href='https:\/\/geiq-gard.fr\/wp-content\/uploads\/2021\/04\/calendrier-8.png'><img width=\"219\" height=\"300\" src=\"https:\/\/geiq-gard.fr\/wp-content\/uploads\/2021\/04\/calendrier-8-219x300.png\" class=\"attachment-medium size-medium\" alt=\"calendrier 8\" loading=\"lazy\" srcset=\"https:\/\/geiq-gard.fr\/wp-content\/uploads\/2021\/04\/calendrier-8-219x300.png 219w, https:\/\/geiq-gard.fr\/wp-content\/uploads\/2021\/04\/calendrier-8.png 347w\" sizes=\"(max-width: 219px) 100vw, 219px\" \/><\/a>\n\t\t\t<\/div><\/figure>\n\t\t<\/div>\n\t\t<\/div>\n\t\t\t\t<\/div>\n\t\t\t\t<\/div>\n\t\t\t\t\t<\/div>\n\t\t<\/div>\n\t\t\t\t\t\t\t<\/div>\n\t\t<\/section>\n\t\t\t\t<section class=\"elementor-section elementor-top-section elementor-element elementor-element-b73e313 elementor-section-boxed elementor-section-height-default elementor-section-height-default\" data-id=\"b73e313\" data-element_type=\"section\">\n\t\t\t\t\t\t<div class=\"elementor-container elementor-column-gap-default\">\n\t\t\t\t\t<div class=\"elementor-column elementor-col-100 elementor-top-column elementor-element elementor-element-f5016fa\" data-id=\"f5016fa\" data-element_type=\"column\">\n\t\t\t<div class=\"elementor-widget-wrap elementor-element-populated\">\n\t\t\t\t\t\t\t\t<div class=\"elementor-element elementor-element-b646337 elementor-widget elementor-widget-spacer\" data-id=\"b646337\" data-element_type=\"widget\" data-widget_type=\"spacer.default\">\n\t\t\t\t<div class=\"elementor-widget-container\">\n\t\t\t\t\t<div class=\"elementor-spacer\">\n\t\t\t<div class=\"elementor-spacer-inner\"><\/div>\n\t\t<\/div>\n\t\t\t\t<\/div>\n\t\t\t\t<\/div>\n\t\t\t\t<div class=\"elementor-element elementor-element-6f3473e elementor-widget elementor-widget-spacer\" data-id=\"6f3473e\" data-element_type=\"widget\" data-widget_type=\"spacer.default\">\n\t\t\t\t<div class=\"elementor-widget-container\">\n\t\t\t\t\t<div class=\"elementor-spacer\">\n\t\t\t<div class=\"elementor-spacer-inner\"><\/div>\n\t\t<\/div>\n\t\t\t\t<\/div>\n\t\t\t\t<\/div>\n\t\t\t\t<div class=\"elementor-element elementor-element-4ecce79 elementor-widget elementor-widget-text-editor\" data-id=\"4ecce79\" data-element_type=\"widget\" data-widget_type=\"text-editor.default\">\n\t\t\t\t<div class=\"elementor-widget-container\">\n\t\t\t\t\t\t\t\t<p><span style=\"color: #000000;\">Nous avons \u00e9galement fait des vid\u00e9os inspir\u00e9es de jeux t\u00e9l\u00e9 comme \u00ab\u00a0La bo\u00eete \u00e0 questions\u00a0\u00bb ou \u00ab\u00a0Un diner presque parfait\u00a0\u00bb adapt\u00e9 au GEIQ BTP\/MULTISECTORIEL du Gard avec les entreprises adh\u00e9rentes en action.<\/span><\/p>\t\t\t\t\t\t<\/div>\n\t\t\t\t<\/div>\n\t\t\t\t\t<\/div>\n\t\t<\/div>\n\t\t\t\t\t\t\t<\/div>\n\t\t<\/section>\n\t\t\t\t<section class=\"elementor-section elementor-top-section elementor-element elementor-element-dab1306 elementor-section-boxed elementor-section-height-default elementor-section-height-default\" data-id=\"dab1306\" data-element_type=\"section\">\n\t\t\t\t\t\t<div class=\"elementor-container elementor-column-gap-default\">\n\t\t\t\t\t<div class=\"elementor-column elementor-col-50 elementor-top-column elementor-element elementor-element-17f706f\" data-id=\"17f706f\" data-element_type=\"column\">\n\t\t\t<div class=\"elementor-widget-wrap elementor-element-populated\">\n\t\t\t\t\t\t\t\t<div class=\"elementor-element elementor-element-d87a06c elementor-aspect-ratio-169 elementor-widget elementor-widget-video\" data-id=\"d87a06c\" data-element_type=\"widget\" data-settings=\"{&quot;video_type&quot;:&quot;dailymotion&quot;,&quot;controls&quot;:&quot;yes&quot;,&quot;aspect_ratio&quot;:&quot;169&quot;}\" data-widget_type=\"video.default\">\n\t\t\t\t<div class=\"elementor-widget-container\">\n\t\t\t\t\t<div class=\"elementor-wrapper elementor-fit-aspect-ratio elementor-open-inline\">\n\t\t\t<iframe class=\"elementor-video-iframe\" allowfullscreen title=\"Lecteur vid\u00e9o dailymotion\" src=\"https:\/\/dailymotion.com\/embed\/video\/x2qnkwy?ui-highlight&amp;start&amp;endscreen-enable=0&amp;controls=1&amp;mute=0&amp;ui-start-screen-info=1&amp;ui-logo=1\"><\/iframe>\t\t<\/div>\n\t\t\t\t<\/div>\n\t\t\t\t<\/div>\n\t\t\t\t\t<\/div>\n\t\t<\/div>\n\t\t\t\t<div class=\"elementor-column elementor-col-50 elementor-top-column elementor-element elementor-element-343de3f\" data-id=\"343de3f\" data-element_type=\"column\">\n\t\t\t<div class=\"elementor-widget-wrap elementor-element-populated\">\n\t\t\t\t\t\t\t\t<div class=\"elementor-element elementor-element-d6c9490 elementor-aspect-ratio-169 elementor-widget elementor-widget-video\" data-id=\"d6c9490\" data-element_type=\"widget\" data-settings=\"{&quot;video_type&quot;:&quot;dailymotion&quot;,&quot;controls&quot;:&quot;yes&quot;,&quot;aspect_ratio&quot;:&quot;169&quot;}\" data-widget_type=\"video.default\">\n\t\t\t\t<div class=\"elementor-widget-container\">\n\t\t\t\t\t<div class=\"elementor-wrapper elementor-fit-aspect-ratio elementor-open-inline\">\n\t\t\t<iframe class=\"elementor-video-iframe\" allowfullscreen title=\"Lecteur vid\u00e9o dailymotion\" src=\"https:\/\/dailymotion.com\/embed\/video\/xz3wnj?ui-highlight&amp;start&amp;endscreen-enable=0&amp;controls=1&amp;mute=0&amp;ui-start-screen-info=1&amp;ui-logo=1\"><\/iframe>\t\t<\/div>\n\t\t\t\t<\/div>\n\t\t\t\t<\/div>\n\t\t\t\t\t<\/div>\n\t\t<\/div>\n\t\t\t\t\t\t\t<\/div>\n\t\t<\/section>\n\t\t\t\t\t\t<\/div>\n\t\t\t\t\t<\/div>\n\t\t","protected":false},"excerpt":{"rendered":"<p>Notre identit\u00e9 Depuis 2013 , nous avons l&rsquo;habitude de mettre en avant le GEIQ en faisant un calendrier original sur des th\u00e8mes diff\u00e9rents. Voici nos calendriers dans l&rsquo;ordre du premier(2013) au dernier(2020) :&nbsp;&nbsp; Nous avons \u00e9galement fait des vid\u00e9os inspir\u00e9es de jeux t\u00e9l\u00e9 comme \u00ab\u00a0La bo\u00eete \u00e0 questions\u00a0\u00bb ou \u00ab\u00a0Un diner presque parfait\u00a0\u00bb adapt\u00e9 au [&hellip;]<\/p>\n","protected":false},"author":1,"featured_media":0,"parent":0,"menu_order":0,"comment_status":"closed","ping_status":"closed","template":"","meta":[],"yoast_head":"<!-- This site is optimized with the Yoast SEO plugin v16.4 - https:\/\/yoast.com\/wordpress\/plugins\/seo\/ -->\n<title>Notre identit\u00e9<\/title>\n<meta name=\"description\" content=\"Notre identit\u00e9 Depuis 2013 , nous avons l&#039;habitude de mettre en avant le GEIQ en faisant un calendrier original sur des th\u00e8mes diff\u00e9rents. Voici nos\" \/>\n<meta name=\"robots\" content=\"index, follow, max-snippet:-1, max-image-preview:large, max-video-preview:-1\" \/>\n<link rel=\"canonical\" href=\"https:\/\/geiq-gard.fr\/index.php\/notre-identite\/\" \/>\n<meta property=\"og:locale\" content=\"fr_FR\" \/>\n<meta property=\"og:type\" content=\"article\" \/>\n<meta property=\"og:title\" content=\"Notre identit\u00e9\" \/>\n<meta property=\"og:description\" content=\"Notre identit\u00e9 Depuis 2013 , nous avons l&#039;habitude de mettre en avant le GEIQ en faisant un calendrier original sur des th\u00e8mes diff\u00e9rents. Voici nos\" \/>\n<meta property=\"og:url\" content=\"https:\/\/geiq-gard.fr\/index.php\/notre-identite\/\" \/>\n<meta property=\"og:site_name\" content=\"WordPress\" \/>\n<meta property=\"article:modified_time\" content=\"2021-06-08T21:30:26+00:00\" \/>\n<meta property=\"og:image\" content=\"https:\/\/geiq-gard.fr\/wp-content\/uploads\/2021\/04\/calendrier-1-224x300.png\" \/>\n<meta name=\"twitter:card\" content=\"summary_large_image\" \/>\n<meta name=\"twitter:label1\" content=\"Dur\u00e9e de lecture est.\" \/>\n\t<meta name=\"twitter:data1\" content=\"2 minutes\" \/>\n<script type=\"application\/ld+json\" class=\"yoast-schema-graph\">{\"@context\":\"https:\/\/schema.org\",\"@graph\":[{\"@type\":\"WebSite\",\"@id\":\"https:\/\/geiq-gard.fr\/#website\",\"url\":\"https:\/\/geiq-gard.fr\/\",\"name\":\"WordPress\",\"description\":\"Un site utilisant WordPress\",\"potentialAction\":[{\"@type\":\"SearchAction\",\"target\":\"https:\/\/geiq-gard.fr\/?s={search_term_string}\",\"query-input\":\"required name=search_term_string\"}],\"inLanguage\":\"fr-FR\"},{\"@type\":\"ImageObject\",\"@id\":\"https:\/\/geiq-gard.fr\/index.php\/notre-identite\/#primaryimage\",\"inLanguage\":\"fr-FR\",\"url\":\"https:\/\/geiq-gard.fr\/wp-content\/uploads\/2021\/04\/calendrier-1.png\",\"contentUrl\":\"https:\/\/geiq-gard.fr\/wp-content\/uploads\/2021\/04\/calendrier-1.png\",\"width\":358,\"height\":480,\"caption\":\"calendrier 1\"},{\"@type\":\"WebPage\",\"@id\":\"https:\/\/geiq-gard.fr\/index.php\/notre-identite\/#webpage\",\"url\":\"https:\/\/geiq-gard.fr\/index.php\/notre-identite\/\",\"name\":\"Notre identit\\u00e9\",\"isPartOf\":{\"@id\":\"https:\/\/geiq-gard.fr\/#website\"},\"primaryImageOfPage\":{\"@id\":\"https:\/\/geiq-gard.fr\/index.php\/notre-identite\/#primaryimage\"},\"datePublished\":\"2021-04-12T12:27:35+00:00\",\"dateModified\":\"2021-06-08T21:30:26+00:00\",\"description\":\"Notre identit\\u00e9 Depuis 2013 , nous avons l'habitude de mettre en avant le GEIQ en faisant un calendrier original sur des th\\u00e8mes diff\\u00e9rents. Voici nos\",\"breadcrumb\":{\"@id\":\"https:\/\/geiq-gard.fr\/index.php\/notre-identite\/#breadcrumb\"},\"inLanguage\":\"fr-FR\",\"potentialAction\":[{\"@type\":\"ReadAction\",\"target\":[\"https:\/\/geiq-gard.fr\/index.php\/notre-identite\/\"]}]},{\"@type\":\"BreadcrumbList\",\"@id\":\"https:\/\/geiq-gard.fr\/index.php\/notre-identite\/#breadcrumb\",\"itemListElement\":[{\"@type\":\"ListItem\",\"position\":1,\"item\":{\"@type\":\"WebPage\",\"@id\":\"https:\/\/geiq-gard.fr\/\",\"url\":\"https:\/\/geiq-gard.fr\/\",\"name\":\"Accueil\"}},{\"@type\":\"ListItem\",\"position\":2,\"item\":{\"@id\":\"https:\/\/geiq-gard.fr\/index.php\/notre-identite\/#webpage\"}}]}]}<\/script>\n<!-- \/ Yoast SEO plugin. -->","_links":{"self":[{"href":"https:\/\/geiq-gard.fr\/index.php\/wp-json\/wp\/v2\/pages\/58"}],"collection":[{"href":"https:\/\/geiq-gard.fr\/index.php\/wp-json\/wp\/v2\/pages"}],"about":[{"href":"https:\/\/geiq-gard.fr\/index.php\/wp-json\/wp\/v2\/types\/page"}],"author":[{"embeddable":true,"href":"https:\/\/geiq-gard.fr\/index.php\/wp-json\/wp\/v2\/users\/1"}],"replies":[{"embeddable":true,"href":"https:\/\/geiq-gard.fr\/index.php\/wp-json\/wp\/v2\/comments?post=58"}],"version-history":[{"count":26,"href":"https:\/\/geiq-gard.fr\/index.php\/wp-json\/wp\/v2\/pages\/58\/revisions"}],"predecessor-version":[{"id":1045,"href":"https:\/\/geiq-gard.fr\/index.php\/wp-json\/wp\/v2\/pages\/58\/revisions\/1045"}],"wp:attachment":[{"href":"https:\/\/geiq-gard.fr\/index.php\/wp-json\/wp\/v2\/media?parent=58"}],"curies":[{"name":"wp","href":"https:\/\/api.w.org\/{rel}","templated":true}]}}