{"id":56,"date":"2021-04-12T14:27:22","date_gmt":"2021-04-12T12:27:22","guid":{"rendered":"http:\/\/geiq-gard.fr\/?page_id=56"},"modified":"2021-06-08T23:30:00","modified_gmt":"2021-06-08T21:30:00","slug":"notre-equipe","status":"publish","type":"page","link":"https:\/\/geiq-gard.fr\/index.php\/notre-equipe\/","title":{"rendered":"Notre \u00e9quipe"},"content":{"rendered":"\t\t<div data-elementor-type=\"wp-page\" data-elementor-id=\"56\" class=\"elementor elementor-56\" data-elementor-settings=\"[]\">\n\t\t\t\t\t\t\t<div class=\"elementor-section-wrap\">\n\t\t\t\t\t\t\t<section class=\"elementor-section elementor-top-section elementor-element elementor-element-d3d8aa1 elementor-section-boxed elementor-section-height-default elementor-section-height-default\" data-id=\"d3d8aa1\" data-element_type=\"section\">\n\t\t\t\t\t\t<div class=\"elementor-container elementor-column-gap-default\">\n\t\t\t\t\t<div class=\"elementor-column elementor-col-100 elementor-top-column elementor-element elementor-element-087cf1e\" data-id=\"087cf1e\" data-element_type=\"column\">\n\t\t\t<div class=\"elementor-widget-wrap elementor-element-populated\">\n\t\t\t\t\t\t\t\t<div class=\"elementor-element elementor-element-d90f9e9 elementor-widget elementor-widget-spacer\" data-id=\"d90f9e9\" data-element_type=\"widget\" data-widget_type=\"spacer.default\">\n\t\t\t\t<div class=\"elementor-widget-container\">\n\t\t\t\t\t<div class=\"elementor-spacer\">\n\t\t\t<div class=\"elementor-spacer-inner\"><\/div>\n\t\t<\/div>\n\t\t\t\t<\/div>\n\t\t\t\t<\/div>\n\t\t\t\t<div class=\"elementor-element elementor-element-9c3a108 elementor-widget elementor-widget-heading\" data-id=\"9c3a108\" data-element_type=\"widget\" data-widget_type=\"heading.default\">\n\t\t\t\t<div class=\"elementor-widget-container\">\n\t\t\t<h2 class=\"elementor-heading-title elementor-size-default\">Notre \u00e9quipe du GEIQ BTP\/MULTISECORIEL du Gard <\/h2>\t\t<\/div>\n\t\t\t\t<\/div>\n\t\t\t\t<div class=\"elementor-element elementor-element-4fd809e elementor-widget elementor-widget-spacer\" data-id=\"4fd809e\" data-element_type=\"widget\" data-widget_type=\"spacer.default\">\n\t\t\t\t<div class=\"elementor-widget-container\">\n\t\t\t\t\t<div class=\"elementor-spacer\">\n\t\t\t<div class=\"elementor-spacer-inner\"><\/div>\n\t\t<\/div>\n\t\t\t\t<\/div>\n\t\t\t\t<\/div>\n\t\t\t\t\t<\/div>\n\t\t<\/div>\n\t\t\t\t\t\t\t<\/div>\n\t\t<\/section>\n\t\t\t\t<section class=\"elementor-section elementor-top-section elementor-element elementor-element-7c42e27 elementor-section-boxed elementor-section-height-default elementor-section-height-default\" data-id=\"7c42e27\" data-element_type=\"section\">\n\t\t\t\t\t\t<div class=\"elementor-container elementor-column-gap-default\">\n\t\t\t\t\t<div class=\"elementor-column elementor-col-33 elementor-top-column elementor-element elementor-element-0e901d5\" data-id=\"0e901d5\" data-element_type=\"column\">\n\t\t\t<div class=\"elementor-widget-wrap elementor-element-populated\">\n\t\t\t\t\t\t\t\t<div class=\"elementor-element elementor-element-61f07ff elementor-widget elementor-widget-text-editor\" data-id=\"61f07ff\" data-element_type=\"widget\" data-widget_type=\"text-editor.default\">\n\t\t\t\t<div class=\"elementor-widget-container\">\n\t\t\t\t\t\t\t\t<p><span style=\"color: #000000;\"><b>De gauche \u00e0 droite :<\/b><\/span><\/p><p>&#8211;<span style=\"color: #000000;\"> Laure PERRETO<\/span><br \/><span style=\"color: #000000;\">(charg\u00e9e de mission multisectoriel)<\/span><\/p><p><span style=\"color: #000000;\">&#8211; C\u00e9line LAMOURET<\/span><br \/><span style=\"color: #000000;\">(directrice)<\/span><br \/><span style=\"color: #000000;\">celine.lamouret@orange.fr<\/span><\/p><p><span style=\"color: #000000;\">&#8211; Eileen SALVA<\/span><br \/><span style=\"color: #000000;\">(charg\u00e9e de mission BTP)<\/span><br \/><span style=\"color: #000000;\">geiqbtp30@orange.fr<\/span><\/p>\t\t\t\t\t\t<\/div>\n\t\t\t\t<\/div>\n\t\t\t\t\t<\/div>\n\t\t<\/div>\n\t\t\t\t<div class=\"elementor-column elementor-col-66 elementor-top-column elementor-element elementor-element-94d1ebc\" data-id=\"94d1ebc\" data-element_type=\"column\">\n\t\t\t<div class=\"elementor-widget-wrap elementor-element-populated\">\n\t\t\t\t\t\t\t\t<div class=\"elementor-element elementor-element-db23e45 elementor-widget elementor-widget-image\" data-id=\"db23e45\" data-element_type=\"widget\" data-widget_type=\"image.default\">\n\t\t\t\t<div class=\"elementor-widget-container\">\n\t\t\t\t\t\t\t\t\t\t\t\t\t\t\t<img width=\"545\" height=\"383\" src=\"https:\/\/geiq-gard.fr\/wp-content\/uploads\/2021\/04\/equipe.png\" class=\"attachment-large size-large\" alt=\"photo de l&#039;\u00e9quipe du geiq\" loading=\"lazy\" srcset=\"https:\/\/geiq-gard.fr\/wp-content\/uploads\/2021\/04\/equipe.png 545w, https:\/\/geiq-gard.fr\/wp-content\/uploads\/2021\/04\/equipe-300x211.png 300w\" sizes=\"(max-width: 545px) 100vw, 545px\" \/>\t\t\t\t\t\t\t\t\t\t\t\t\t\t\t<\/div>\n\t\t\t\t<\/div>\n\t\t\t\t\t<\/div>\n\t\t<\/div>\n\t\t\t\t\t\t\t<\/div>\n\t\t<\/section>\n\t\t\t\t<section class=\"elementor-section elementor-top-section elementor-element elementor-element-0a6bb1c elementor-section-boxed elementor-section-height-default elementor-section-height-default\" data-id=\"0a6bb1c\" data-element_type=\"section\">\n\t\t\t\t\t\t<div class=\"elementor-container elementor-column-gap-default\">\n\t\t\t\t\t<div class=\"elementor-column elementor-col-100 elementor-top-column elementor-element elementor-element-ef58458\" data-id=\"ef58458\" data-element_type=\"column\">\n\t\t\t<div class=\"elementor-widget-wrap elementor-element-populated\">\n\t\t\t\t\t\t\t\t<div class=\"elementor-element elementor-element-21686be elementor-widget elementor-widget-spacer\" data-id=\"21686be\" data-element_type=\"widget\" data-widget_type=\"spacer.default\">\n\t\t\t\t<div class=\"elementor-widget-container\">\n\t\t\t\t\t<div class=\"elementor-spacer\">\n\t\t\t<div class=\"elementor-spacer-inner\"><\/div>\n\t\t<\/div>\n\t\t\t\t<\/div>\n\t\t\t\t<\/div>\n\t\t\t\t<div class=\"elementor-element elementor-element-9a2334f elementor-widget elementor-widget-heading\" data-id=\"9a2334f\" data-element_type=\"widget\" data-widget_type=\"heading.default\">\n\t\t\t\t<div class=\"elementor-widget-container\">\n\t\t\t<h2 class=\"elementor-heading-title elementor-size-default\"><i>\"En travaillant ensemble et r\u00e9unissant nos richesses nous pouvons accomplir de grandes choses\"<\/i><br><\/h2>\t\t<\/div>\n\t\t\t\t<\/div>\n\t\t\t\t\t<\/div>\n\t\t<\/div>\n\t\t\t\t\t\t\t<\/div>\n\t\t<\/section>\n\t\t\t\t\t\t<\/div>\n\t\t\t\t\t<\/div>\n\t\t","protected":false},"excerpt":{"rendered":"<p>Notre \u00e9quipe du GEIQ BTP\/MULTISECORIEL du Gard De gauche \u00e0 droite : &#8211; Laure PERRETO (charg\u00e9e de mission multisectoriel) &#8211; C\u00e9line LAMOURET (directrice) celine.lamouret@orange.fr &#8211; Eileen SALVA (charg\u00e9e de mission BTP) geiqbtp30@orange.fr \u00ab\u00a0En travaillant ensemble et r\u00e9unissant nos richesses nous pouvons accomplir de grandes choses\u00a0\u00bb<\/p>\n","protected":false},"author":1,"featured_media":0,"parent":0,"menu_order":0,"comment_status":"closed","ping_status":"closed","template":"","meta":[],"yoast_head":"<!-- This site is optimized with the Yoast SEO plugin v16.4 - https:\/\/yoast.com\/wordpress\/plugins\/seo\/ -->\n<title>Notre \u00e9quipe<\/title>\n<meta name=\"description\" content=\"D\u00e9couvrez notre \u00e9quipe du Geiq Gard et les coordonn\u00e9es pour les contacter\" \/>\n<meta name=\"robots\" content=\"index, follow, max-snippet:-1, max-image-preview:large, max-video-preview:-1\" \/>\n<link rel=\"canonical\" href=\"https:\/\/geiq-gard.fr\/index.php\/notre-equipe\/\" \/>\n<meta property=\"og:locale\" content=\"fr_FR\" \/>\n<meta property=\"og:type\" content=\"article\" \/>\n<meta property=\"og:title\" content=\"Notre \u00e9quipe\" \/>\n<meta property=\"og:description\" content=\"D\u00e9couvrez notre \u00e9quipe du Geiq Gard et les coordonn\u00e9es pour les contacter\" \/>\n<meta property=\"og:url\" content=\"https:\/\/geiq-gard.fr\/index.php\/notre-equipe\/\" \/>\n<meta property=\"og:site_name\" content=\"WordPress\" \/>\n<meta property=\"article:modified_time\" content=\"2021-06-08T21:30:00+00:00\" \/>\n<meta property=\"og:image\" content=\"https:\/\/geiq-gard.fr\/wp-content\/uploads\/2021\/04\/equipe.png\" \/>\n<meta name=\"twitter:card\" content=\"summary_large_image\" \/>\n<meta name=\"twitter:label1\" content=\"Dur\u00e9e de lecture est.\" \/>\n\t<meta name=\"twitter:data1\" content=\"1 minute\" \/>\n<script type=\"application\/ld+json\" class=\"yoast-schema-graph\">{\"@context\":\"https:\/\/schema.org\",\"@graph\":[{\"@type\":\"WebSite\",\"@id\":\"https:\/\/geiq-gard.fr\/#website\",\"url\":\"https:\/\/geiq-gard.fr\/\",\"name\":\"WordPress\",\"description\":\"Un site utilisant WordPress\",\"potentialAction\":[{\"@type\":\"SearchAction\",\"target\":\"https:\/\/geiq-gard.fr\/?s={search_term_string}\",\"query-input\":\"required name=search_term_string\"}],\"inLanguage\":\"fr-FR\"},{\"@type\":\"ImageObject\",\"@id\":\"https:\/\/geiq-gard.fr\/index.php\/notre-equipe\/#primaryimage\",\"inLanguage\":\"fr-FR\",\"url\":\"https:\/\/geiq-gard.fr\/wp-content\/uploads\/2021\/04\/equipe.png\",\"contentUrl\":\"https:\/\/geiq-gard.fr\/wp-content\/uploads\/2021\/04\/equipe.png\",\"width\":545,\"height\":383,\"caption\":\"photo de l'\\u00e9quipe du geiq\"},{\"@type\":\"WebPage\",\"@id\":\"https:\/\/geiq-gard.fr\/index.php\/notre-equipe\/#webpage\",\"url\":\"https:\/\/geiq-gard.fr\/index.php\/notre-equipe\/\",\"name\":\"Notre \\u00e9quipe\",\"isPartOf\":{\"@id\":\"https:\/\/geiq-gard.fr\/#website\"},\"primaryImageOfPage\":{\"@id\":\"https:\/\/geiq-gard.fr\/index.php\/notre-equipe\/#primaryimage\"},\"datePublished\":\"2021-04-12T12:27:22+00:00\",\"dateModified\":\"2021-06-08T21:30:00+00:00\",\"description\":\"D\\u00e9couvrez notre \\u00e9quipe du Geiq Gard et les coordonn\\u00e9es pour les contacter\",\"breadcrumb\":{\"@id\":\"https:\/\/geiq-gard.fr\/index.php\/notre-equipe\/#breadcrumb\"},\"inLanguage\":\"fr-FR\",\"potentialAction\":[{\"@type\":\"ReadAction\",\"target\":[\"https:\/\/geiq-gard.fr\/index.php\/notre-equipe\/\"]}]},{\"@type\":\"BreadcrumbList\",\"@id\":\"https:\/\/geiq-gard.fr\/index.php\/notre-equipe\/#breadcrumb\",\"itemListElement\":[{\"@type\":\"ListItem\",\"position\":1,\"item\":{\"@type\":\"WebPage\",\"@id\":\"https:\/\/geiq-gard.fr\/\",\"url\":\"https:\/\/geiq-gard.fr\/\",\"name\":\"Accueil\"}},{\"@type\":\"ListItem\",\"position\":2,\"item\":{\"@id\":\"https:\/\/geiq-gard.fr\/index.php\/notre-equipe\/#webpage\"}}]}]}<\/script>\n<!-- \/ Yoast SEO plugin. -->","_links":{"self":[{"href":"https:\/\/geiq-gard.fr\/index.php\/wp-json\/wp\/v2\/pages\/56"}],"collection":[{"href":"https:\/\/geiq-gard.fr\/index.php\/wp-json\/wp\/v2\/pages"}],"about":[{"href":"https:\/\/geiq-gard.fr\/index.php\/wp-json\/wp\/v2\/types\/page"}],"author":[{"embeddable":true,"href":"https:\/\/geiq-gard.fr\/index.php\/wp-json\/wp\/v2\/users\/1"}],"replies":[{"embeddable":true,"href":"https:\/\/geiq-gard.fr\/index.php\/wp-json\/wp\/v2\/comments?post=56"}],"version-history":[{"count":14,"href":"https:\/\/geiq-gard.fr\/index.php\/wp-json\/wp\/v2\/pages\/56\/revisions"}],"predecessor-version":[{"id":1044,"href":"https:\/\/geiq-gard.fr\/index.php\/wp-json\/wp\/v2\/pages\/56\/revisions\/1044"}],"wp:attachment":[{"href":"https:\/\/geiq-gard.fr\/index.php\/wp-json\/wp\/v2\/media?parent=56"}],"curies":[{"name":"wp","href":"https:\/\/api.w.org\/{rel}","templated":true}]}}