{"id":52,"date":"2021-04-12T14:26:42","date_gmt":"2021-04-12T12:26:42","guid":{"rendered":"http:\/\/geiq-gard.fr\/?page_id=52"},"modified":"2021-06-08T23:36:03","modified_gmt":"2021-06-08T21:36:03","slug":"temoignages","status":"publish","type":"page","link":"https:\/\/geiq-gard.fr\/index.php\/temoignages\/","title":{"rendered":"T\u00e9moignages"},"content":{"rendered":"\t\t<div data-elementor-type=\"wp-page\" data-elementor-id=\"52\" class=\"elementor elementor-52\" data-elementor-settings=\"[]\">\n\t\t\t\t\t\t\t<div class=\"elementor-section-wrap\">\n\t\t\t\t\t\t\t<section class=\"elementor-section elementor-top-section elementor-element elementor-element-a5a417a elementor-section-boxed elementor-section-height-default elementor-section-height-default\" data-id=\"a5a417a\" data-element_type=\"section\">\n\t\t\t\t\t\t<div class=\"elementor-container elementor-column-gap-default\">\n\t\t\t\t\t<div class=\"elementor-column elementor-col-100 elementor-top-column elementor-element elementor-element-24093a4\" data-id=\"24093a4\" data-element_type=\"column\">\n\t\t\t<div class=\"elementor-widget-wrap elementor-element-populated\">\n\t\t\t\t\t\t\t\t<div class=\"elementor-element elementor-element-2ce56ee elementor-widget elementor-widget-spacer\" data-id=\"2ce56ee\" data-element_type=\"widget\" data-widget_type=\"spacer.default\">\n\t\t\t\t<div class=\"elementor-widget-container\">\n\t\t\t\t\t<div class=\"elementor-spacer\">\n\t\t\t<div class=\"elementor-spacer-inner\"><\/div>\n\t\t<\/div>\n\t\t\t\t<\/div>\n\t\t\t\t<\/div>\n\t\t\t\t<div class=\"elementor-element elementor-element-7d48fbf elementor-widget elementor-widget-heading\" data-id=\"7d48fbf\" data-element_type=\"widget\" data-widget_type=\"heading.default\">\n\t\t\t\t<div class=\"elementor-widget-container\">\n\t\t\t<h2 class=\"elementor-heading-title elementor-size-default\">T\u00e9moignages d'anciens et d'actuels salari\u00e9s du GEIQ BTP\/MULTISECTORIEL du Gard<\/h2>\t\t<\/div>\n\t\t\t\t<\/div>\n\t\t\t\t<div class=\"elementor-element elementor-element-6d8008b elementor-widget elementor-widget-spacer\" data-id=\"6d8008b\" data-element_type=\"widget\" data-widget_type=\"spacer.default\">\n\t\t\t\t<div class=\"elementor-widget-container\">\n\t\t\t\t\t<div class=\"elementor-spacer\">\n\t\t\t<div class=\"elementor-spacer-inner\"><\/div>\n\t\t<\/div>\n\t\t\t\t<\/div>\n\t\t\t\t<\/div>\n\t\t\t\t\t<\/div>\n\t\t<\/div>\n\t\t\t\t\t\t\t<\/div>\n\t\t<\/section>\n\t\t\t\t<section class=\"elementor-section elementor-top-section elementor-element elementor-element-db84649 elementor-section-boxed elementor-section-height-default elementor-section-height-default\" data-id=\"db84649\" data-element_type=\"section\">\n\t\t\t\t\t\t<div class=\"elementor-container elementor-column-gap-default\">\n\t\t\t\t\t<div class=\"elementor-column elementor-col-50 elementor-top-column elementor-element elementor-element-f880d40\" data-id=\"f880d40\" data-element_type=\"column\">\n\t\t\t<div class=\"elementor-widget-wrap elementor-element-populated\">\n\t\t\t\t\t\t\t\t<div class=\"elementor-element elementor-element-731a659 elementor-widget elementor-widget-heading\" data-id=\"731a659\" data-element_type=\"widget\" data-widget_type=\"heading.default\">\n\t\t\t\t<div class=\"elementor-widget-container\">\n\t\t\t<h2 class=\"elementor-heading-title elementor-size-default\">\"Je tiens \u00e0 remercier \u00e9norm\u00e9ment le Geiq Btp de m\u2019avoir donn\u00e9 cette chance&nbsp;! Gr\u00e2ce \u00e0 eux ma carri\u00e8re professionnelle est&nbsp;\u00ab&nbsp;comme sur des roulettes&nbsp;\u00bb&nbsp;!\"<\/h2>\t\t<\/div>\n\t\t\t\t<\/div>\n\t\t\t\t<div class=\"elementor-element elementor-element-ac573b1 elementor-widget elementor-widget-spacer\" data-id=\"ac573b1\" data-element_type=\"widget\" data-widget_type=\"spacer.default\">\n\t\t\t\t<div class=\"elementor-widget-container\">\n\t\t\t\t\t<div class=\"elementor-spacer\">\n\t\t\t<div class=\"elementor-spacer-inner\"><\/div>\n\t\t<\/div>\n\t\t\t\t<\/div>\n\t\t\t\t<\/div>\n\t\t\t\t<div class=\"elementor-element elementor-element-d386a46 elementor-widget elementor-widget-text-editor\" data-id=\"d386a46\" data-element_type=\"widget\" data-widget_type=\"text-editor.default\">\n\t\t\t\t<div class=\"elementor-widget-container\">\n\t\t\t\t\t\t\t\t<p><span style=\"color: #000000;\">\u00ab\u00a0J\u2019ai connu le Geiq Btp \u00e0 \u00a0la \u00ab\u00a0journ\u00e9e valemploi\u00a0\u00bb du quartier Valdegour \u00e0 Nimes en 2009.<\/span><\/p><p><span style=\"color: #000000;\">Par la suite, tout s\u2019est encha\u00een\u00e9 tr\u00e8s rapidement apr\u00e8s mon entretien avec la Directrice C\u00e9line Lamouret.<\/span><\/p><p><span style=\"color: #000000;\">Elle m\u2019a propos\u00e9 une p\u00e9riode d\u2019essai chez Colas TP puis un contrat de professionnalisation de 12 mois en alternance avec \u00a0l\u2019AFPA de N\u00eemes pour le poste de ma\u00e7on VRD (Voirie R\u00e9seaux Divers).<\/span><\/p><p><span style=\"color: #000000;\">A la fin de mon contrat j\u2019ai obtenu mon <strong>dipl\u00f4me \u00c9quivalent \u00e0 un CAP\u00a0.<\/strong><\/span><\/p><p><span style=\"color: #000000;\">Par la suite une nouvelle opportunit\u00e9 s\u2019est pr\u00e9sent\u00e9e avec le GEIQ et \u00a0j\u2019ai pu faire un deuxi\u00e8me contrat de professionnalisation en tant que canalisateur chez Eiffage Route \u00e0 Nimes.<\/span><\/p><p><span style=\"color: #000000;\">J\u2019ai ainsi obtenu une <strong>double qualification dans le domaine des travaux publics !<\/strong><\/span><\/p><p><span style=\"color: #000000;\">Gr\u00e2ce \u00e0 ce parcours au GEIQ, je suis embauch\u00e9 en CDI depuis 2013 chez Eurovia groupe vinci en tant qu\u2019 ouvrier polyvalent .<\/span><\/p><p><span style=\"color: #000000;\">Je tiens \u00e0 remercier \u00e9norm\u00e9ment le Geiq Btp de m\u2019avoir donn\u00e9 cette chance\u00a0! Gr\u00e2ce \u00e0 eux ma carri\u00e8re professionnelle est\u00a0<em>\u00ab\u00a0comme sur des roulettes\u00a0\u00bb\u00a0!<\/em><\/span><\/p><p><span style=\"color: #000000;\">Je recommande aux jeunes \u00a0de <strong>saisir toutes les chances que le Geiq Btp peux leur proposer.<\/strong><\/span><\/p><p><span style=\"color: #000000;\">Ils ne seront pas d\u00e9\u00e7us de l\u2019accueil, de l\u2019accompagnement et de l\u2019aide que Geiq peux leur apporter.<\/span><\/p><p><span style=\"color: #000000;\">Super \u00e9quipe\u00a0!\u00a0\u00bb<\/span><\/p><p><span style=\"color: #000000;\">Brahim Bensakrane\u00a0<\/span><\/p><p><span style=\"color: #000000;\">Ancien salari\u00e9 du Geiq Btp Gard<\/span><\/p>\t\t\t\t\t\t<\/div>\n\t\t\t\t<\/div>\n\t\t\t\t\t<\/div>\n\t\t<\/div>\n\t\t\t\t<div class=\"elementor-column elementor-col-50 elementor-top-column elementor-element elementor-element-18eafe7\" data-id=\"18eafe7\" data-element_type=\"column\">\n\t\t\t<div class=\"elementor-widget-wrap elementor-element-populated\">\n\t\t\t\t\t\t\t\t<div class=\"elementor-element elementor-element-a44baed elementor-widget elementor-widget-image\" data-id=\"a44baed\" data-element_type=\"widget\" data-widget_type=\"image.default\">\n\t\t\t\t<div class=\"elementor-widget-container\">\n\t\t\t\t\t\t\t\t\t\t\t\t\t\t\t<img width=\"225\" height=\"300\" src=\"https:\/\/geiq-gard.fr\/wp-content\/uploads\/2021\/05\/photo-brahim-225x300.jpg\" class=\"attachment-medium size-medium\" alt=\"\" loading=\"lazy\" srcset=\"https:\/\/geiq-gard.fr\/wp-content\/uploads\/2021\/05\/photo-brahim-225x300.jpg 225w, https:\/\/geiq-gard.fr\/wp-content\/uploads\/2021\/05\/photo-brahim.jpg 704w\" sizes=\"(max-width: 225px) 100vw, 225px\" \/>\t\t\t\t\t\t\t\t\t\t\t\t\t\t\t<\/div>\n\t\t\t\t<\/div>\n\t\t\t\t\t<\/div>\n\t\t<\/div>\n\t\t\t\t\t\t\t<\/div>\n\t\t<\/section>\n\t\t\t\t\t\t<\/div>\n\t\t\t\t\t<\/div>\n\t\t","protected":false},"excerpt":{"rendered":"<p>T\u00e9moignages d&rsquo;anciens et d&rsquo;actuels salari\u00e9s du GEIQ BTP\/MULTISECTORIEL du Gard \u00ab\u00a0Je tiens \u00e0 remercier \u00e9norm\u00e9ment le Geiq Btp de m\u2019avoir donn\u00e9 cette chance&nbsp;! Gr\u00e2ce \u00e0 eux ma carri\u00e8re professionnelle est&nbsp;\u00ab&nbsp;comme sur des roulettes&nbsp;\u00bb&nbsp;!\u00a0\u00bb \u00ab&nbsp;J\u2019ai connu le Geiq Btp \u00e0 &nbsp;la \u00ab&nbsp;journ\u00e9e valemploi&nbsp;\u00bb du quartier Valdegour \u00e0 Nimes en 2009. Par la suite, tout s\u2019est encha\u00een\u00e9 [&hellip;]<\/p>\n","protected":false},"author":1,"featured_media":0,"parent":0,"menu_order":0,"comment_status":"closed","ping_status":"closed","template":"","meta":[],"yoast_head":"<!-- This site is optimized with the Yoast SEO plugin v16.4 - https:\/\/yoast.com\/wordpress\/plugins\/seo\/ -->\n<title>T\u00e9moignages<\/title>\n<meta name=\"description\" content=\"T\u00e9moignages d&#039;anciens et d&#039;actuels salari\u00e9s du GEIQ BTP\/MULTISECTORIEL du Gard &quot;Je tiens \u00e0 remercier \u00e9norm\u00e9ment le Geiq Btp de m\u2019avoir donn\u00e9 cette\" \/>\n<meta name=\"robots\" content=\"index, follow, max-snippet:-1, max-image-preview:large, max-video-preview:-1\" \/>\n<link rel=\"canonical\" href=\"https:\/\/geiq-gard.fr\/index.php\/temoignages\/\" \/>\n<meta property=\"og:locale\" content=\"fr_FR\" \/>\n<meta property=\"og:type\" content=\"article\" \/>\n<meta property=\"og:title\" content=\"T\u00e9moignages\" \/>\n<meta property=\"og:description\" content=\"T\u00e9moignages d&#039;anciens et d&#039;actuels salari\u00e9s du GEIQ BTP\/MULTISECTORIEL du Gard &quot;Je tiens \u00e0 remercier \u00e9norm\u00e9ment le Geiq Btp de m\u2019avoir donn\u00e9 cette\" \/>\n<meta property=\"og:url\" content=\"https:\/\/geiq-gard.fr\/index.php\/temoignages\/\" \/>\n<meta property=\"og:site_name\" content=\"WordPress\" \/>\n<meta property=\"article:modified_time\" content=\"2021-06-08T21:36:03+00:00\" \/>\n<meta property=\"og:image\" content=\"https:\/\/geiq-gard.fr\/wp-content\/uploads\/2021\/05\/photo-brahim-225x300.jpg\" \/>\n<meta name=\"twitter:card\" content=\"summary_large_image\" \/>\n<meta name=\"twitter:label1\" content=\"Dur\u00e9e de lecture est.\" \/>\n\t<meta name=\"twitter:data1\" content=\"2 minutes\" \/>\n<script type=\"application\/ld+json\" class=\"yoast-schema-graph\">{\"@context\":\"https:\/\/schema.org\",\"@graph\":[{\"@type\":\"WebSite\",\"@id\":\"https:\/\/geiq-gard.fr\/#website\",\"url\":\"https:\/\/geiq-gard.fr\/\",\"name\":\"WordPress\",\"description\":\"Un site utilisant WordPress\",\"potentialAction\":[{\"@type\":\"SearchAction\",\"target\":\"https:\/\/geiq-gard.fr\/?s={search_term_string}\",\"query-input\":\"required name=search_term_string\"}],\"inLanguage\":\"fr-FR\"},{\"@type\":\"ImageObject\",\"@id\":\"https:\/\/geiq-gard.fr\/index.php\/temoignages\/#primaryimage\",\"inLanguage\":\"fr-FR\",\"url\":\"https:\/\/geiq-gard.fr\/wp-content\/uploads\/2021\/05\/photo-brahim.jpg\",\"contentUrl\":\"https:\/\/geiq-gard.fr\/wp-content\/uploads\/2021\/05\/photo-brahim.jpg\",\"width\":704,\"height\":940},{\"@type\":\"WebPage\",\"@id\":\"https:\/\/geiq-gard.fr\/index.php\/temoignages\/#webpage\",\"url\":\"https:\/\/geiq-gard.fr\/index.php\/temoignages\/\",\"name\":\"T\\u00e9moignages\",\"isPartOf\":{\"@id\":\"https:\/\/geiq-gard.fr\/#website\"},\"primaryImageOfPage\":{\"@id\":\"https:\/\/geiq-gard.fr\/index.php\/temoignages\/#primaryimage\"},\"datePublished\":\"2021-04-12T12:26:42+00:00\",\"dateModified\":\"2021-06-08T21:36:03+00:00\",\"description\":\"T\\u00e9moignages d'anciens et d'actuels salari\\u00e9s du GEIQ BTP\/MULTISECTORIEL du Gard \\\"Je tiens \\u00e0 remercier \\u00e9norm\\u00e9ment le Geiq Btp de m\\u2019avoir donn\\u00e9 cette\",\"breadcrumb\":{\"@id\":\"https:\/\/geiq-gard.fr\/index.php\/temoignages\/#breadcrumb\"},\"inLanguage\":\"fr-FR\",\"potentialAction\":[{\"@type\":\"ReadAction\",\"target\":[\"https:\/\/geiq-gard.fr\/index.php\/temoignages\/\"]}]},{\"@type\":\"BreadcrumbList\",\"@id\":\"https:\/\/geiq-gard.fr\/index.php\/temoignages\/#breadcrumb\",\"itemListElement\":[{\"@type\":\"ListItem\",\"position\":1,\"item\":{\"@type\":\"WebPage\",\"@id\":\"https:\/\/geiq-gard.fr\/\",\"url\":\"https:\/\/geiq-gard.fr\/\",\"name\":\"Accueil\"}},{\"@type\":\"ListItem\",\"position\":2,\"item\":{\"@id\":\"https:\/\/geiq-gard.fr\/index.php\/temoignages\/#webpage\"}}]}]}<\/script>\n<!-- \/ Yoast SEO plugin. -->","_links":{"self":[{"href":"https:\/\/geiq-gard.fr\/index.php\/wp-json\/wp\/v2\/pages\/52"}],"collection":[{"href":"https:\/\/geiq-gard.fr\/index.php\/wp-json\/wp\/v2\/pages"}],"about":[{"href":"https:\/\/geiq-gard.fr\/index.php\/wp-json\/wp\/v2\/types\/page"}],"author":[{"embeddable":true,"href":"https:\/\/geiq-gard.fr\/index.php\/wp-json\/wp\/v2\/users\/1"}],"replies":[{"embeddable":true,"href":"https:\/\/geiq-gard.fr\/index.php\/wp-json\/wp\/v2\/comments?post=52"}],"version-history":[{"count":11,"href":"https:\/\/geiq-gard.fr\/index.php\/wp-json\/wp\/v2\/pages\/52\/revisions"}],"predecessor-version":[{"id":1050,"href":"https:\/\/geiq-gard.fr\/index.php\/wp-json\/wp\/v2\/pages\/52\/revisions\/1050"}],"wp:attachment":[{"href":"https:\/\/geiq-gard.fr\/index.php\/wp-json\/wp\/v2\/media?parent=52"}],"curies":[{"name":"wp","href":"https:\/\/api.w.org\/{rel}","templated":true}]}}