{"id":48,"date":"2021-04-12T14:26:11","date_gmt":"2021-04-12T12:26:11","guid":{"rendered":"http:\/\/geiq-gard.fr\/?page_id=48"},"modified":"2021-06-08T23:28:31","modified_gmt":"2021-06-08T21:28:31","slug":"metiers-du-geiq","status":"publish","type":"page","link":"https:\/\/geiq-gard.fr\/index.php\/metiers-du-geiq\/","title":{"rendered":"M\u00e9tiers du Geiq"},"content":{"rendered":"\t\t<div data-elementor-type=\"wp-page\" data-elementor-id=\"48\" class=\"elementor elementor-48\" data-elementor-settings=\"[]\">\n\t\t\t\t\t\t\t<div class=\"elementor-section-wrap\">\n\t\t\t\t\t\t\t<section class=\"elementor-section elementor-top-section elementor-element elementor-element-1240bbc elementor-section-boxed elementor-section-height-default elementor-section-height-default\" data-id=\"1240bbc\" data-element_type=\"section\">\n\t\t\t\t\t\t<div class=\"elementor-container elementor-column-gap-default\">\n\t\t\t\t\t<div class=\"elementor-column elementor-col-100 elementor-top-column elementor-element elementor-element-fc21509\" data-id=\"fc21509\" data-element_type=\"column\">\n\t\t\t<div class=\"elementor-widget-wrap elementor-element-populated\">\n\t\t\t\t\t\t\t\t<div class=\"elementor-element elementor-element-2efe85c elementor-widget elementor-widget-spacer\" data-id=\"2efe85c\" data-element_type=\"widget\" data-widget_type=\"spacer.default\">\n\t\t\t\t<div class=\"elementor-widget-container\">\n\t\t\t\t\t<div class=\"elementor-spacer\">\n\t\t\t<div class=\"elementor-spacer-inner\"><\/div>\n\t\t<\/div>\n\t\t\t\t<\/div>\n\t\t\t\t<\/div>\n\t\t\t\t<div class=\"elementor-element elementor-element-efdaf80 elementor-widget elementor-widget-heading\" data-id=\"efdaf80\" data-element_type=\"widget\" data-widget_type=\"heading.default\">\n\t\t\t\t<div class=\"elementor-widget-container\">\n\t\t\t<h2 class=\"elementor-heading-title elementor-size-default\">Nos m\u00e9tiers<\/h2>\t\t<\/div>\n\t\t\t\t<\/div>\n\t\t\t\t<div class=\"elementor-element elementor-element-b5897cc elementor-widget elementor-widget-spacer\" data-id=\"b5897cc\" data-element_type=\"widget\" data-widget_type=\"spacer.default\">\n\t\t\t\t<div class=\"elementor-widget-container\">\n\t\t\t\t\t<div class=\"elementor-spacer\">\n\t\t\t<div class=\"elementor-spacer-inner\"><\/div>\n\t\t<\/div>\n\t\t\t\t<\/div>\n\t\t\t\t<\/div>\n\t\t\t\t\t<\/div>\n\t\t<\/div>\n\t\t\t\t\t\t\t<\/div>\n\t\t<\/section>\n\t\t\t\t<section class=\"elementor-section elementor-top-section elementor-element elementor-element-f437991 elementor-section-boxed elementor-section-height-default elementor-section-height-default\" data-id=\"f437991\" data-element_type=\"section\">\n\t\t\t\t\t\t<div class=\"elementor-container elementor-column-gap-default\">\n\t\t\t\t\t<div class=\"elementor-column elementor-col-100 elementor-top-column elementor-element elementor-element-4490e72\" data-id=\"4490e72\" data-element_type=\"column\">\n\t\t\t<div class=\"elementor-widget-wrap elementor-element-populated\">\n\t\t\t\t\t\t\t\t<div class=\"elementor-element elementor-element-3537070 elementor-widget elementor-widget-heading\" data-id=\"3537070\" data-element_type=\"widget\" data-widget_type=\"heading.default\">\n\t\t\t\t<div class=\"elementor-widget-container\">\n\t\t\t<h2 class=\"elementor-heading-title elementor-size-default\">EXEMPLES DE M\u00c9TIERS VIS\u00c9S DANS LE BTP <\/h2>\t\t<\/div>\n\t\t\t\t<\/div>\n\t\t\t\t<div class=\"elementor-element elementor-element-6b1da56 elementor-widget elementor-widget-spacer\" data-id=\"6b1da56\" data-element_type=\"widget\" data-widget_type=\"spacer.default\">\n\t\t\t\t<div class=\"elementor-widget-container\">\n\t\t\t\t\t<div class=\"elementor-spacer\">\n\t\t\t<div class=\"elementor-spacer-inner\"><\/div>\n\t\t<\/div>\n\t\t\t\t<\/div>\n\t\t\t\t<\/div>\n\t\t\t\t\t<\/div>\n\t\t<\/div>\n\t\t\t\t\t\t\t<\/div>\n\t\t<\/section>\n\t\t\t\t<section class=\"elementor-section elementor-top-section elementor-element elementor-element-e74b350 elementor-section-boxed elementor-section-height-default elementor-section-height-default\" data-id=\"e74b350\" data-element_type=\"section\">\n\t\t\t\t\t\t<div class=\"elementor-container elementor-column-gap-default\">\n\t\t\t\t\t<div class=\"elementor-column elementor-col-50 elementor-top-column elementor-element elementor-element-ac414aa\" data-id=\"ac414aa\" data-element_type=\"column\">\n\t\t\t<div class=\"elementor-widget-wrap elementor-element-populated\">\n\t\t\t\t\t\t\t\t<div class=\"elementor-element elementor-element-6ea8b79 elementor-widget elementor-widget-text-editor\" data-id=\"6ea8b79\" data-element_type=\"widget\" data-widget_type=\"text-editor.default\">\n\t\t\t\t<div class=\"elementor-widget-container\">\n\t\t\t\t\t\t\t\t<ul><li>Ma\u00e7on<\/li><li>Coffreur-bancheur<\/li><li>Canalisateur<\/li><li>Ouvrier TP<\/li><li>Ouvrier polyvalent du b\u00e2timent<\/li><li>Terrassier<\/li><li><span style=\"font-size: 14px; color: var( --e-global-color-text );\">D\u00e9molisseur<\/span><\/li><\/ul><div>\u00a0<\/div>\t\t\t\t\t\t<\/div>\n\t\t\t\t<\/div>\n\t\t\t\t\t<\/div>\n\t\t<\/div>\n\t\t\t\t<div class=\"elementor-column elementor-col-50 elementor-top-column elementor-element elementor-element-0f389a8\" data-id=\"0f389a8\" data-element_type=\"column\">\n\t\t\t<div class=\"elementor-widget-wrap elementor-element-populated\">\n\t\t\t\t\t\t\t\t<div class=\"elementor-element elementor-element-b3ffcda elementor-widget elementor-widget-image\" data-id=\"b3ffcda\" data-element_type=\"widget\" data-widget_type=\"image.default\">\n\t\t\t\t<div class=\"elementor-widget-container\">\n\t\t\t\t\t\t\t\t\t\t\t\t\t\t\t<img src=\"https:\/\/geiq-gard.fr\/wp-content\/plugins\/elementor\/assets\/images\/placeholder.png\" title=\"\" alt=\"\" \/>\t\t\t\t\t\t\t\t\t\t\t\t\t\t\t<\/div>\n\t\t\t\t<\/div>\n\t\t\t\t\t<\/div>\n\t\t<\/div>\n\t\t\t\t\t\t\t<\/div>\n\t\t<\/section>\n\t\t\t\t<section class=\"elementor-section elementor-top-section elementor-element elementor-element-8058da3 elementor-section-boxed elementor-section-height-default elementor-section-height-default\" data-id=\"8058da3\" data-element_type=\"section\">\n\t\t\t\t\t\t<div class=\"elementor-container elementor-column-gap-default\">\n\t\t\t\t\t<div class=\"elementor-column elementor-col-100 elementor-top-column elementor-element elementor-element-57d0a31\" data-id=\"57d0a31\" data-element_type=\"column\">\n\t\t\t<div class=\"elementor-widget-wrap elementor-element-populated\">\n\t\t\t\t\t\t\t\t<div class=\"elementor-element elementor-element-a2c0487 elementor-widget elementor-widget-spacer\" data-id=\"a2c0487\" data-element_type=\"widget\" data-widget_type=\"spacer.default\">\n\t\t\t\t<div class=\"elementor-widget-container\">\n\t\t\t\t\t<div class=\"elementor-spacer\">\n\t\t\t<div class=\"elementor-spacer-inner\"><\/div>\n\t\t<\/div>\n\t\t\t\t<\/div>\n\t\t\t\t<\/div>\n\t\t\t\t<div class=\"elementor-element elementor-element-c85a9c3 elementor-widget elementor-widget-heading\" data-id=\"c85a9c3\" data-element_type=\"widget\" data-widget_type=\"heading.default\">\n\t\t\t\t<div class=\"elementor-widget-container\">\n\t\t\t<h2 class=\"elementor-heading-title elementor-size-default\"><h2 data-elementor-setting-key=\"title\" data-pen-placeholder=\"\u00c9crivez ici...\" style=\"font-variant-ligatures: normal; font-variant-caps: normal; font-family: Roboto, sans-serif; font-size: 14px; font-style: normal; font-weight: 600;\">EXEMPLES DE M\u00c9TIERS VIS\u00c9S DANS LE MULTISECTORIEL<\/h2><\/h2>\t\t<\/div>\n\t\t\t\t<\/div>\n\t\t\t\t\t<\/div>\n\t\t<\/div>\n\t\t\t\t\t\t\t<\/div>\n\t\t<\/section>\n\t\t\t\t<section class=\"elementor-section elementor-top-section elementor-element elementor-element-51e5567 elementor-section-boxed elementor-section-height-default elementor-section-height-default\" data-id=\"51e5567\" data-element_type=\"section\">\n\t\t\t\t\t\t<div class=\"elementor-container elementor-column-gap-default\">\n\t\t\t\t\t<div class=\"elementor-column elementor-col-50 elementor-top-column elementor-element elementor-element-fb5b201\" data-id=\"fb5b201\" data-element_type=\"column\">\n\t\t\t<div class=\"elementor-widget-wrap elementor-element-populated\">\n\t\t\t\t\t\t\t\t<div class=\"elementor-element elementor-element-ecfdb34 elementor-widget elementor-widget-text-editor\" data-id=\"ecfdb34\" data-element_type=\"widget\" data-widget_type=\"text-editor.default\">\n\t\t\t\t<div class=\"elementor-widget-container\">\n\t\t\t\t\t\t\t\t<ul><li>Assistant(e) administratif\u00a0<\/li><li>Commercial<\/li><li>Bardeur<\/li><li style=\"font-variant-ligatures: normal; font-variant-caps: normal; font-family: Roboto, sans-serif; font-size: 14px; font-style: normal; font-weight: 400;\">Ouvrier espace verts<\/li><\/ul><div>\u00a0<\/div><div>\u00a0<\/div>\t\t\t\t\t\t<\/div>\n\t\t\t\t<\/div>\n\t\t\t\t\t<\/div>\n\t\t<\/div>\n\t\t\t\t<div class=\"elementor-column elementor-col-50 elementor-top-column elementor-element elementor-element-b6ef363\" data-id=\"b6ef363\" data-element_type=\"column\">\n\t\t\t<div class=\"elementor-widget-wrap elementor-element-populated\">\n\t\t\t\t\t\t\t\t<div class=\"elementor-element elementor-element-365e216 elementor-widget elementor-widget-image\" data-id=\"365e216\" data-element_type=\"widget\" data-widget_type=\"image.default\">\n\t\t\t\t<div class=\"elementor-widget-container\">\n\t\t\t\t\t\t\t\t\t\t\t\t\t\t\t<img width=\"1024\" height=\"680\" src=\"https:\/\/geiq-gard.fr\/wp-content\/uploads\/2021\/06\/secretary-338561-1024x680.jpg\" class=\"attachment-large size-large\" alt=\"\" loading=\"lazy\" srcset=\"https:\/\/geiq-gard.fr\/wp-content\/uploads\/2021\/06\/secretary-338561-1024x680.jpg 1024w, https:\/\/geiq-gard.fr\/wp-content\/uploads\/2021\/06\/secretary-338561-300x199.jpg 300w, https:\/\/geiq-gard.fr\/wp-content\/uploads\/2021\/06\/secretary-338561-768x510.jpg 768w, https:\/\/geiq-gard.fr\/wp-content\/uploads\/2021\/06\/secretary-338561-1536x1020.jpg 1536w, https:\/\/geiq-gard.fr\/wp-content\/uploads\/2021\/06\/secretary-338561-2048x1360.jpg 2048w\" sizes=\"(max-width: 1024px) 100vw, 1024px\" \/>\t\t\t\t\t\t\t\t\t\t\t\t\t\t\t<\/div>\n\t\t\t\t<\/div>\n\t\t\t\t\t<\/div>\n\t\t<\/div>\n\t\t\t\t\t\t\t<\/div>\n\t\t<\/section>\n\t\t\t\t<section class=\"elementor-section elementor-top-section elementor-element elementor-element-c109da2 elementor-section-boxed elementor-section-height-default elementor-section-height-default\" data-id=\"c109da2\" data-element_type=\"section\">\n\t\t\t\t\t\t<div class=\"elementor-container elementor-column-gap-default\">\n\t\t\t\t\t<div class=\"elementor-column elementor-col-100 elementor-top-column elementor-element elementor-element-85a692d\" data-id=\"85a692d\" data-element_type=\"column\">\n\t\t\t<div class=\"elementor-widget-wrap elementor-element-populated\">\n\t\t\t\t\t\t\t\t<div class=\"elementor-element elementor-element-fcb3497 elementor-align-center elementor-widget elementor-widget-button\" data-id=\"fcb3497\" data-element_type=\"widget\" data-widget_type=\"button.default\">\n\t\t\t\t<div class=\"elementor-widget-container\">\n\t\t\t\t\t<div class=\"elementor-button-wrapper\">\n\t\t\t<a href=\"https:\/\/geiq-gard.fr\/index.php\/offres-demploi\/\" class=\"elementor-button-link elementor-button elementor-size-sm\" role=\"button\">\n\t\t\t\t\t\t<span class=\"elementor-button-content-wrapper\">\n\t\t\t\t\t\t<span class=\"elementor-button-text\">D\u00e9couvrez nos offres en ligne<\/span>\n\t\t<\/span>\n\t\t\t\t\t<\/a>\n\t\t<\/div>\n\t\t\t\t<\/div>\n\t\t\t\t<\/div>\n\t\t\t\t\t<\/div>\n\t\t<\/div>\n\t\t\t\t\t\t\t<\/div>\n\t\t<\/section>\n\t\t\t\t<section class=\"elementor-section elementor-top-section elementor-element elementor-element-38cd16c elementor-section-boxed elementor-section-height-default elementor-section-height-default\" data-id=\"38cd16c\" data-element_type=\"section\">\n\t\t\t\t\t\t<div class=\"elementor-container elementor-column-gap-default\">\n\t\t\t\t\t<div class=\"elementor-column elementor-col-100 elementor-top-column elementor-element elementor-element-2016871\" data-id=\"2016871\" data-element_type=\"column\">\n\t\t\t<div class=\"elementor-widget-wrap elementor-element-populated\">\n\t\t\t\t\t\t\t\t<div class=\"elementor-element elementor-element-14a1581 elementor-align-center elementor-widget elementor-widget-button\" data-id=\"14a1581\" data-element_type=\"widget\" data-widget_type=\"button.default\">\n\t\t\t\t<div class=\"elementor-widget-container\">\n\t\t\t\t\t<div class=\"elementor-button-wrapper\">\n\t\t\t<a href=\"https:\/\/geiq-gard.fr\/index.php\/envoyer-une-candidature\/\" class=\"elementor-button-link elementor-button elementor-size-sm\" role=\"button\">\n\t\t\t\t\t\t<span class=\"elementor-button-content-wrapper\">\n\t\t\t\t\t\t<span class=\"elementor-button-text\">Postulez en ligne<\/span>\n\t\t<\/span>\n\t\t\t\t\t<\/a>\n\t\t<\/div>\n\t\t\t\t<\/div>\n\t\t\t\t<\/div>\n\t\t\t\t\t<\/div>\n\t\t<\/div>\n\t\t\t\t\t\t\t<\/div>\n\t\t<\/section>\n\t\t\t\t\t\t<\/div>\n\t\t\t\t\t<\/div>\n\t\t","protected":false},"excerpt":{"rendered":"<p>Nos m\u00e9tiers EXEMPLES DE M\u00c9TIERS VIS\u00c9S DANS LE BTP Ma\u00e7on Coffreur-bancheur Canalisateur Ouvrier TP Ouvrier polyvalent du b\u00e2timent Terrassier D\u00e9molisseur EXEMPLES DE M\u00c9TIERS VIS\u00c9S DANS LE MULTISECTORIEL Assistant(e) administratif&nbsp; Commercial Bardeur Ouvrier espace verts D\u00e9couvrez nos offres en ligne Postulez en ligne<\/p>\n","protected":false},"author":1,"featured_media":0,"parent":0,"menu_order":0,"comment_status":"closed","ping_status":"closed","template":"","meta":[],"yoast_head":"<!-- This site is optimized with the Yoast SEO plugin v16.4 - https:\/\/yoast.com\/wordpress\/plugins\/seo\/ -->\n<title>M\u00e9tiers du Geiq - WordPress<\/title>\n<meta name=\"description\" content=\"Nos m\u00e9tiers EXEMPLES DE M\u00c9TIERS VIS\u00c9S DANS LE BTP Ma\u00e7on Coffreur-bancheur Canalisateur Ouvrier TP Ouvrier polyvalent du b\u00e2timent Terrassier D\u00e9molisseur\" \/>\n<meta name=\"robots\" content=\"index, follow, max-snippet:-1, max-image-preview:large, max-video-preview:-1\" \/>\n<link rel=\"canonical\" href=\"https:\/\/geiq-gard.fr\/index.php\/metiers-du-geiq\/\" \/>\n<meta property=\"og:locale\" content=\"fr_FR\" \/>\n<meta property=\"og:type\" content=\"article\" \/>\n<meta property=\"og:title\" content=\"M\u00e9tiers du Geiq - WordPress\" \/>\n<meta property=\"og:description\" content=\"Nos m\u00e9tiers EXEMPLES DE M\u00c9TIERS VIS\u00c9S DANS LE BTP Ma\u00e7on Coffreur-bancheur Canalisateur Ouvrier TP Ouvrier polyvalent du b\u00e2timent Terrassier D\u00e9molisseur\" \/>\n<meta property=\"og:url\" content=\"https:\/\/geiq-gard.fr\/index.php\/metiers-du-geiq\/\" \/>\n<meta property=\"og:site_name\" content=\"WordPress\" \/>\n<meta property=\"article:modified_time\" content=\"2021-06-08T21:28:31+00:00\" \/>\n<meta property=\"og:image\" content=\"https:\/\/geiq-gard.fr\/wp-content\/plugins\/elementor\/assets\/images\/placeholder.png\" \/>\n<meta name=\"twitter:card\" content=\"summary_large_image\" \/>\n<meta name=\"twitter:label1\" content=\"Dur\u00e9e de lecture est.\" \/>\n\t<meta name=\"twitter:data1\" content=\"1 minute\" \/>\n<script type=\"application\/ld+json\" class=\"yoast-schema-graph\">{\"@context\":\"https:\/\/schema.org\",\"@graph\":[{\"@type\":\"WebSite\",\"@id\":\"https:\/\/geiq-gard.fr\/#website\",\"url\":\"https:\/\/geiq-gard.fr\/\",\"name\":\"WordPress\",\"description\":\"Un site utilisant WordPress\",\"potentialAction\":[{\"@type\":\"SearchAction\",\"target\":\"https:\/\/geiq-gard.fr\/?s={search_term_string}\",\"query-input\":\"required name=search_term_string\"}],\"inLanguage\":\"fr-FR\"},{\"@type\":\"ImageObject\",\"@id\":\"https:\/\/geiq-gard.fr\/index.php\/metiers-du-geiq\/#primaryimage\",\"inLanguage\":\"fr-FR\",\"url\":\"https:\/\/geiq-gard.fr\/wp-content\/plugins\/elementor\/assets\/images\/placeholder.png\",\"contentUrl\":\"https:\/\/geiq-gard.fr\/wp-content\/plugins\/elementor\/assets\/images\/placeholder.png\"},{\"@type\":\"WebPage\",\"@id\":\"https:\/\/geiq-gard.fr\/index.php\/metiers-du-geiq\/#webpage\",\"url\":\"https:\/\/geiq-gard.fr\/index.php\/metiers-du-geiq\/\",\"name\":\"M\\u00e9tiers du Geiq - WordPress\",\"isPartOf\":{\"@id\":\"https:\/\/geiq-gard.fr\/#website\"},\"primaryImageOfPage\":{\"@id\":\"https:\/\/geiq-gard.fr\/index.php\/metiers-du-geiq\/#primaryimage\"},\"datePublished\":\"2021-04-12T12:26:11+00:00\",\"dateModified\":\"2021-06-08T21:28:31+00:00\",\"description\":\"Nos m\\u00e9tiers EXEMPLES DE M\\u00c9TIERS VIS\\u00c9S DANS LE BTP Ma\\u00e7on Coffreur-bancheur Canalisateur Ouvrier TP Ouvrier polyvalent du b\\u00e2timent Terrassier D\\u00e9molisseur\",\"breadcrumb\":{\"@id\":\"https:\/\/geiq-gard.fr\/index.php\/metiers-du-geiq\/#breadcrumb\"},\"inLanguage\":\"fr-FR\",\"potentialAction\":[{\"@type\":\"ReadAction\",\"target\":[\"https:\/\/geiq-gard.fr\/index.php\/metiers-du-geiq\/\"]}]},{\"@type\":\"BreadcrumbList\",\"@id\":\"https:\/\/geiq-gard.fr\/index.php\/metiers-du-geiq\/#breadcrumb\",\"itemListElement\":[{\"@type\":\"ListItem\",\"position\":1,\"item\":{\"@type\":\"WebPage\",\"@id\":\"https:\/\/geiq-gard.fr\/\",\"url\":\"https:\/\/geiq-gard.fr\/\",\"name\":\"Accueil\"}},{\"@type\":\"ListItem\",\"position\":2,\"item\":{\"@id\":\"https:\/\/geiq-gard.fr\/index.php\/metiers-du-geiq\/#webpage\"}}]}]}<\/script>\n<!-- \/ Yoast SEO plugin. -->","_links":{"self":[{"href":"https:\/\/geiq-gard.fr\/index.php\/wp-json\/wp\/v2\/pages\/48"}],"collection":[{"href":"https:\/\/geiq-gard.fr\/index.php\/wp-json\/wp\/v2\/pages"}],"about":[{"href":"https:\/\/geiq-gard.fr\/index.php\/wp-json\/wp\/v2\/types\/page"}],"author":[{"embeddable":true,"href":"https:\/\/geiq-gard.fr\/index.php\/wp-json\/wp\/v2\/users\/1"}],"replies":[{"embeddable":true,"href":"https:\/\/geiq-gard.fr\/index.php\/wp-json\/wp\/v2\/comments?post=48"}],"version-history":[{"count":32,"href":"https:\/\/geiq-gard.fr\/index.php\/wp-json\/wp\/v2\/pages\/48\/revisions"}],"predecessor-version":[{"id":1043,"href":"https:\/\/geiq-gard.fr\/index.php\/wp-json\/wp\/v2\/pages\/48\/revisions\/1043"}],"wp:attachment":[{"href":"https:\/\/geiq-gard.fr\/index.php\/wp-json\/wp\/v2\/media?parent=48"}],"curies":[{"name":"wp","href":"https:\/\/api.w.org\/{rel}","templated":true}]}}