{"id":40,"date":"2021-04-12T14:24:57","date_gmt":"2021-04-12T12:24:57","guid":{"rendered":"http:\/\/geiq-gard.fr\/?page_id=40"},"modified":"2021-06-08T20:41:54","modified_gmt":"2021-06-08T18:41:54","slug":"clauses-sociales","status":"publish","type":"page","link":"https:\/\/geiq-gard.fr\/index.php\/clauses-sociales\/","title":{"rendered":"Clauses sociales"},"content":{"rendered":"\t\t<div data-elementor-type=\"wp-page\" data-elementor-id=\"40\" class=\"elementor elementor-40\" data-elementor-settings=\"[]\">\n\t\t\t\t\t\t\t<div class=\"elementor-section-wrap\">\n\t\t\t\t\t\t\t<section class=\"elementor-section elementor-top-section elementor-element elementor-element-158bc6b elementor-section-boxed elementor-section-height-default elementor-section-height-default\" data-id=\"158bc6b\" data-element_type=\"section\">\n\t\t\t\t\t\t<div class=\"elementor-container elementor-column-gap-default\">\n\t\t\t\t\t<div class=\"elementor-column elementor-col-100 elementor-top-column elementor-element elementor-element-e4eec32\" data-id=\"e4eec32\" data-element_type=\"column\">\n\t\t\t<div class=\"elementor-widget-wrap elementor-element-populated\">\n\t\t\t\t\t\t\t\t<div class=\"elementor-element elementor-element-6f1894c elementor-widget elementor-widget-spacer\" data-id=\"6f1894c\" data-element_type=\"widget\" data-widget_type=\"spacer.default\">\n\t\t\t\t<div class=\"elementor-widget-container\">\n\t\t\t\t\t<div class=\"elementor-spacer\">\n\t\t\t<div class=\"elementor-spacer-inner\"><\/div>\n\t\t<\/div>\n\t\t\t\t<\/div>\n\t\t\t\t<\/div>\n\t\t\t\t<div class=\"elementor-element elementor-element-7edff11 elementor-widget elementor-widget-heading\" data-id=\"7edff11\" data-element_type=\"widget\" data-widget_type=\"heading.default\">\n\t\t\t\t<div class=\"elementor-widget-container\">\n\t\t\t<h2 class=\"elementor-heading-title elementor-size-default\">Clauses sociales <\/h2>\t\t<\/div>\n\t\t\t\t<\/div>\n\t\t\t\t\t<\/div>\n\t\t<\/div>\n\t\t\t\t\t\t\t<\/div>\n\t\t<\/section>\n\t\t\t\t<section class=\"elementor-section elementor-top-section elementor-element elementor-element-6ff63d1 elementor-section-boxed elementor-section-height-default elementor-section-height-default\" data-id=\"6ff63d1\" data-element_type=\"section\">\n\t\t\t\t\t\t<div class=\"elementor-container elementor-column-gap-default\">\n\t\t\t\t\t<div class=\"elementor-column elementor-col-100 elementor-top-column elementor-element elementor-element-2931485\" data-id=\"2931485\" data-element_type=\"column\">\n\t\t\t<div class=\"elementor-widget-wrap elementor-element-populated\">\n\t\t\t\t\t\t\t\t<div class=\"elementor-element elementor-element-49202d2 elementor-widget elementor-widget-spacer\" data-id=\"49202d2\" data-element_type=\"widget\" data-widget_type=\"spacer.default\">\n\t\t\t\t<div class=\"elementor-widget-container\">\n\t\t\t\t\t<div class=\"elementor-spacer\">\n\t\t\t<div class=\"elementor-spacer-inner\"><\/div>\n\t\t<\/div>\n\t\t\t\t<\/div>\n\t\t\t\t<\/div>\n\t\t\t\t<div class=\"elementor-element elementor-element-03300e8 elementor-widget elementor-widget-text-editor\" data-id=\"03300e8\" data-element_type=\"widget\" data-widget_type=\"text-editor.default\">\n\t\t\t\t<div class=\"elementor-widget-container\">\n\t\t\t\t\t\t\t\t<h1>Les Geiq, un outil pour r\u00e9pondre aux clauses sociales d\u2019insertion<\/h1><p style=\"font-weight: 400;\"><span style=\"color: #000000;\">Passer par le Geiq permet d\u2019int\u00e9grer les obligations li\u00e9es \u00e0 la clause dans une v\u00e9ritable dynamique de gestion pr\u00e9visionnelle des comp\u00e9tences, en formant et qualifiant les collaborateurs de demain.<\/span><\/p><p style=\"font-weight: 400;\"><span style=\"color: #000000;\">La clause d&rsquo;insertion est une condition d\u2019ex\u00e9cution de certains march\u00e9s. Les entreprises attributaires ont alors l\u2019obligation de r\u00e9server une part des heures de travail g\u00e9n\u00e9r\u00e9es par ces march\u00e9s \u00e0 la r\u00e9alisation des clauses d\u2019insertion.<\/span><\/p><p style=\"font-weight: 400;\"><span style=\"color: #000000;\">Les Geiq sont identifi\u00e9s comme un moyen de r\u00e9ponse aux clauses dans le guide \u00ab Commande publique et acc\u00e8s \u00e0 l\u2019emploi des personnes qui en sont \u00e9loign\u00e9es \u00bb r\u00e9alis\u00e9 par l\u2019Observatoire \u00c9conomique de l\u2019Achat Public, sous l\u2019\u00e9gide des Minist\u00e8res de l\u2019\u00c9conomie et des Finances.<\/span><\/p><p style=\"font-weight: 400;\"><span style=\"color: #000000;\">Ainsi, le Geiq accompagne l\u2019entreprise dans toutes les dimensions de mise en \u0153uvre des clauses sociales d\u2019insertion.<\/span><br \/><span style=\"color: #e30043;\"><strong>Les contrats de travail en alternance, apprentissage et professionnalisation, sont les meilleurs supports pour une insertion durable<\/strong><\/span>.<\/p><p style=\"font-weight: 400;\"><span style=\"color: #000000;\">Ils allient l\u2019engagement r\u00e9ciproque et le cadre structurant du contrat de travail, des modalit\u00e9s p\u00e9dagogiques adapt\u00e9es aux publics et l\u2019obtention d\u2019une qualification reconnue.<\/span><\/p><p style=\"text-align: left;\"><span style=\"color: #000000;\">Dans le GARD, le GEIQ s\u2019occupe de tout \u00e0 la place de l\u2019entreprise ! (recherche du candidat \u00e9ligible \u00e0 la clause, relev\u00e9 des heures, en lien constant avec le facilitateur de la cluse de la r\u00e9gion, du D\u00e9partement, de la ville, de N\u00eemes M\u00e9tropole ou autre . <span style=\"color: #e30043;\">Le GEIQ peut mutualiser les heures d\u2019insertion sur plusieurs chantiers.<\/span><\/span><u><\/u><u><\/u><\/p>\t\t\t\t\t\t<\/div>\n\t\t\t\t<\/div>\n\t\t\t\t\t<\/div>\n\t\t<\/div>\n\t\t\t\t\t\t\t<\/div>\n\t\t<\/section>\n\t\t\t\t\t\t<\/div>\n\t\t\t\t\t<\/div>\n\t\t","protected":false},"excerpt":{"rendered":"<p>Clauses sociales Les Geiq, un outil pour r\u00e9pondre aux clauses sociales d\u2019insertion Passer par le Geiq permet d\u2019int\u00e9grer les obligations li\u00e9es \u00e0 la clause dans une v\u00e9ritable dynamique de gestion pr\u00e9visionnelle des comp\u00e9tences, en formant et qualifiant les collaborateurs de demain. La clause d&rsquo;insertion est une condition d\u2019ex\u00e9cution de certains march\u00e9s. Les entreprises attributaires ont [&hellip;]<\/p>\n","protected":false},"author":1,"featured_media":0,"parent":0,"menu_order":0,"comment_status":"closed","ping_status":"closed","template":"","meta":[],"yoast_head":"<!-- This site is optimized with the Yoast SEO plugin v16.4 - https:\/\/yoast.com\/wordpress\/plugins\/seo\/ -->\n<title>Clauses sociales<\/title>\n<meta name=\"description\" content=\"Clauses sociales Les Geiq, un outil pour r\u00e9pondre aux clauses sociales d\u2019insertion Passer par le Geiq permet d\u2019int\u00e9grer les obligations li\u00e9es \u00e0 la clause\" \/>\n<meta name=\"robots\" content=\"index, follow, max-snippet:-1, max-image-preview:large, max-video-preview:-1\" \/>\n<link rel=\"canonical\" href=\"https:\/\/geiq-gard.fr\/index.php\/clauses-sociales\/\" \/>\n<meta property=\"og:locale\" content=\"fr_FR\" \/>\n<meta property=\"og:type\" content=\"article\" \/>\n<meta property=\"og:title\" content=\"Clauses sociales\" \/>\n<meta property=\"og:description\" content=\"Clauses sociales Les Geiq, un outil pour r\u00e9pondre aux clauses sociales d\u2019insertion Passer par le Geiq permet d\u2019int\u00e9grer les obligations li\u00e9es \u00e0 la clause\" \/>\n<meta property=\"og:url\" content=\"https:\/\/geiq-gard.fr\/index.php\/clauses-sociales\/\" \/>\n<meta property=\"og:site_name\" content=\"WordPress\" \/>\n<meta property=\"article:modified_time\" content=\"2021-06-08T18:41:54+00:00\" \/>\n<meta name=\"twitter:card\" content=\"summary_large_image\" \/>\n<meta name=\"twitter:label1\" content=\"Dur\u00e9e de lecture est.\" \/>\n\t<meta name=\"twitter:data1\" content=\"2 minutes\" \/>\n<script type=\"application\/ld+json\" class=\"yoast-schema-graph\">{\"@context\":\"https:\/\/schema.org\",\"@graph\":[{\"@type\":\"WebSite\",\"@id\":\"https:\/\/geiq-gard.fr\/#website\",\"url\":\"https:\/\/geiq-gard.fr\/\",\"name\":\"WordPress\",\"description\":\"Un site utilisant WordPress\",\"potentialAction\":[{\"@type\":\"SearchAction\",\"target\":\"https:\/\/geiq-gard.fr\/?s={search_term_string}\",\"query-input\":\"required name=search_term_string\"}],\"inLanguage\":\"fr-FR\"},{\"@type\":\"WebPage\",\"@id\":\"https:\/\/geiq-gard.fr\/index.php\/clauses-sociales\/#webpage\",\"url\":\"https:\/\/geiq-gard.fr\/index.php\/clauses-sociales\/\",\"name\":\"Clauses sociales\",\"isPartOf\":{\"@id\":\"https:\/\/geiq-gard.fr\/#website\"},\"datePublished\":\"2021-04-12T12:24:57+00:00\",\"dateModified\":\"2021-06-08T18:41:54+00:00\",\"description\":\"Clauses sociales Les Geiq, un outil pour r\\u00e9pondre aux clauses sociales d\\u2019insertion Passer par le Geiq permet d\\u2019int\\u00e9grer les obligations li\\u00e9es \\u00e0 la clause\",\"breadcrumb\":{\"@id\":\"https:\/\/geiq-gard.fr\/index.php\/clauses-sociales\/#breadcrumb\"},\"inLanguage\":\"fr-FR\",\"potentialAction\":[{\"@type\":\"ReadAction\",\"target\":[\"https:\/\/geiq-gard.fr\/index.php\/clauses-sociales\/\"]}]},{\"@type\":\"BreadcrumbList\",\"@id\":\"https:\/\/geiq-gard.fr\/index.php\/clauses-sociales\/#breadcrumb\",\"itemListElement\":[{\"@type\":\"ListItem\",\"position\":1,\"item\":{\"@type\":\"WebPage\",\"@id\":\"https:\/\/geiq-gard.fr\/\",\"url\":\"https:\/\/geiq-gard.fr\/\",\"name\":\"Accueil\"}},{\"@type\":\"ListItem\",\"position\":2,\"item\":{\"@id\":\"https:\/\/geiq-gard.fr\/index.php\/clauses-sociales\/#webpage\"}}]}]}<\/script>\n<!-- \/ Yoast SEO plugin. -->","_links":{"self":[{"href":"https:\/\/geiq-gard.fr\/index.php\/wp-json\/wp\/v2\/pages\/40"}],"collection":[{"href":"https:\/\/geiq-gard.fr\/index.php\/wp-json\/wp\/v2\/pages"}],"about":[{"href":"https:\/\/geiq-gard.fr\/index.php\/wp-json\/wp\/v2\/types\/page"}],"author":[{"embeddable":true,"href":"https:\/\/geiq-gard.fr\/index.php\/wp-json\/wp\/v2\/users\/1"}],"replies":[{"embeddable":true,"href":"https:\/\/geiq-gard.fr\/index.php\/wp-json\/wp\/v2\/comments?post=40"}],"version-history":[{"count":14,"href":"https:\/\/geiq-gard.fr\/index.php\/wp-json\/wp\/v2\/pages\/40\/revisions"}],"predecessor-version":[{"id":1037,"href":"https:\/\/geiq-gard.fr\/index.php\/wp-json\/wp\/v2\/pages\/40\/revisions\/1037"}],"wp:attachment":[{"href":"https:\/\/geiq-gard.fr\/index.php\/wp-json\/wp\/v2\/media?parent=40"}],"curies":[{"name":"wp","href":"https:\/\/api.w.org\/{rel}","templated":true}]}}