{"id":30,"date":"2021-04-09T18:38:22","date_gmt":"2021-04-09T16:38:22","guid":{"rendered":"http:\/\/geiq-gard.fr\/?page_id=30"},"modified":"2021-06-08T20:40:37","modified_gmt":"2021-06-08T18:40:37","slug":"accueil","status":"publish","type":"page","link":"https:\/\/geiq-gard.fr\/","title":{"rendered":"Accueil"},"content":{"rendered":"\t\t<div data-elementor-type=\"wp-page\" data-elementor-id=\"30\" class=\"elementor elementor-30\" data-elementor-settings=\"[]\">\n\t\t\t\t\t\t\t<div class=\"elementor-section-wrap\">\n\t\t\t\t\t\t\t<section class=\"elementor-section elementor-top-section elementor-element elementor-element-61aafb0 elementor-hidden-phone elementor-section-boxed elementor-section-height-default elementor-section-height-default\" data-id=\"61aafb0\" data-element_type=\"section\" data-settings=\"{&quot;background_background&quot;:&quot;classic&quot;}\">\n\t\t\t\t\t\t<div class=\"elementor-container elementor-column-gap-default\">\n\t\t\t\t\t<div class=\"elementor-column elementor-col-100 elementor-top-column elementor-element elementor-element-ab87ec6\" data-id=\"ab87ec6\" data-element_type=\"column\">\n\t\t\t<div class=\"elementor-widget-wrap elementor-element-populated\">\n\t\t\t\t\t\t\t\t<div class=\"elementor-element elementor-element-8136757 elementor-widget elementor-widget-image\" data-id=\"8136757\" data-element_type=\"widget\" data-widget_type=\"image.default\">\n\t\t\t\t<div class=\"elementor-widget-container\">\n\t\t\t\t\t\t\t\t\t\t\t\t\t\t\t<img width=\"300\" height=\"82\" src=\"https:\/\/geiq-gard.fr\/wp-content\/uploads\/2021\/04\/cropped-cropped-logos-double-sans-fond-4-300x82.png\" class=\"attachment-medium size-medium\" alt=\"\" loading=\"lazy\" srcset=\"https:\/\/geiq-gard.fr\/wp-content\/uploads\/2021\/04\/cropped-cropped-logos-double-sans-fond-4-300x82.png 300w, https:\/\/geiq-gard.fr\/wp-content\/uploads\/2021\/04\/cropped-cropped-logos-double-sans-fond-4-1024x281.png 1024w, https:\/\/geiq-gard.fr\/wp-content\/uploads\/2021\/04\/cropped-cropped-logos-double-sans-fond-4-768x211.png 768w, https:\/\/geiq-gard.fr\/wp-content\/uploads\/2021\/04\/cropped-cropped-logos-double-sans-fond-4-1536x422.png 1536w, https:\/\/geiq-gard.fr\/wp-content\/uploads\/2021\/04\/cropped-cropped-logos-double-sans-fond-4-2048x562.png 2048w\" sizes=\"(max-width: 300px) 100vw, 300px\" \/>\t\t\t\t\t\t\t\t\t\t\t\t\t\t\t<\/div>\n\t\t\t\t<\/div>\n\t\t\t\t<div class=\"elementor-element elementor-element-e7c1585 elementor-hidden-tablet elementor-hidden-phone elementor-widget elementor-widget-heading\" data-id=\"e7c1585\" data-element_type=\"widget\" data-widget_type=\"heading.default\">\n\t\t\t\t<div class=\"elementor-widget-container\">\n\t\t\t<p class=\"elementor-heading-title elementor-size-default\">G<\/p>\t\t<\/div>\n\t\t\t\t<\/div>\n\t\t\t\t<div class=\"elementor-element elementor-element-840bb84 elementor-align-center elementor-hidden-phone elementor-widget elementor-widget-button\" data-id=\"840bb84\" data-element_type=\"widget\" data-widget_type=\"button.default\">\n\t\t\t\t<div class=\"elementor-widget-container\">\n\t\t\t\t\t<div class=\"elementor-button-wrapper\">\n\t\t\t<a href=\"https:\/\/geiq-gard.fr\/index.php\/offres-demploi\/\" class=\"elementor-button-link elementor-button elementor-size-sm elementor-animation-grow\" role=\"button\">\n\t\t\t\t\t\t<span class=\"elementor-button-content-wrapper\">\n\t\t\t\t\t\t<span class=\"elementor-button-text\">Offres d'emploi<\/span>\n\t\t<\/span>\n\t\t\t\t\t<\/a>\n\t\t<\/div>\n\t\t\t\t<\/div>\n\t\t\t\t<\/div>\n\t\t\t\t<div class=\"elementor-element elementor-element-88ec84c elementor-align-center elementor-hidden-phone elementor-widget elementor-widget-button\" data-id=\"88ec84c\" data-element_type=\"widget\" data-widget_type=\"button.default\">\n\t\t\t\t<div class=\"elementor-widget-container\">\n\t\t\t\t\t<div class=\"elementor-button-wrapper\">\n\t\t\t<a href=\"https:\/\/geiq-gard.fr\/index.php\/metiers-du-geiq\/\" class=\"elementor-button-link elementor-button elementor-size-sm elementor-animation-grow\" role=\"button\">\n\t\t\t\t\t\t<span class=\"elementor-button-content-wrapper\">\n\t\t\t\t\t\t<span class=\"elementor-button-text\">M\u00e9tiers du Geiq BTP\/MULTISECTORIEL<\/span>\n\t\t<\/span>\n\t\t\t\t\t<\/a>\n\t\t<\/div>\n\t\t\t\t<\/div>\n\t\t\t\t<\/div>\n\t\t\t\t<div class=\"elementor-element elementor-element-8389439 elementor-hidden-phone elementor-widget elementor-widget-text-editor\" data-id=\"8389439\" data-element_type=\"widget\" data-widget_type=\"text-editor.default\">\n\t\t\t\t<div class=\"elementor-widget-container\">\n\t\t\t\t\t\t\t\t<p>ESPACE CANDIDAT<\/p>\t\t\t\t\t\t<\/div>\n\t\t\t\t<\/div>\n\t\t\t\t<div class=\"elementor-element elementor-element-f5cde6c elementor-align-center elementor-hidden-phone elementor-widget elementor-widget-button\" data-id=\"f5cde6c\" data-element_type=\"widget\" data-widget_type=\"button.default\">\n\t\t\t\t<div class=\"elementor-widget-container\">\n\t\t\t\t\t<div class=\"elementor-button-wrapper\">\n\t\t\t<a href=\"https:\/\/geiq-gard.fr\/index.php\/faire-une-demande-dadhesion\/\" class=\"elementor-button-link elementor-button elementor-size-sm elementor-animation-grow\" role=\"button\">\n\t\t\t\t\t\t<span class=\"elementor-button-content-wrapper\">\n\t\t\t\t\t\t<span class=\"elementor-button-text\">Exprimer un besoin<\/span>\n\t\t<\/span>\n\t\t\t\t\t<\/a>\n\t\t<\/div>\n\t\t\t\t<\/div>\n\t\t\t\t<\/div>\n\t\t\t\t<div class=\"elementor-element elementor-element-200a495 elementor-align-center elementor-hidden-phone elementor-widget elementor-widget-button\" data-id=\"200a495\" data-element_type=\"widget\" data-widget_type=\"button.default\">\n\t\t\t\t<div class=\"elementor-widget-container\">\n\t\t\t\t\t<div class=\"elementor-button-wrapper\">\n\t\t\t<a href=\"https:\/\/geiq-gard.fr\/index.php\/pourquoi-adherer-au-geiq\/\" target=\"_blank\" class=\"elementor-button-link elementor-button elementor-size-sm elementor-animation-grow\" role=\"button\">\n\t\t\t\t\t\t<span class=\"elementor-button-content-wrapper\">\n\t\t\t\t\t\t<span class=\"elementor-button-text\">Pourquoi adh\u00e9rer au GEIQ ?<\/span>\n\t\t<\/span>\n\t\t\t\t\t<\/a>\n\t\t<\/div>\n\t\t\t\t<\/div>\n\t\t\t\t<\/div>\n\t\t\t\t<div class=\"elementor-element elementor-element-1aacf36 elementor-widget elementor-widget-text-editor\" data-id=\"1aacf36\" data-element_type=\"widget\" data-widget_type=\"text-editor.default\">\n\t\t\t\t<div class=\"elementor-widget-container\">\n\t\t\t\t\t\t\t\t<p>ESPACE ENTREPRISE<\/p>\t\t\t\t\t\t<\/div>\n\t\t\t\t<\/div>\n\t\t\t\t<div class=\"elementor-element elementor-element-62a1df3 elementor-absolute elementor-widget elementor-widget-text-editor\" data-id=\"62a1df3\" data-element_type=\"widget\" data-settings=\"{&quot;_position&quot;:&quot;absolute&quot;}\" data-widget_type=\"text-editor.default\">\n\t\t\t\t<div class=\"elementor-widget-container\">\n\t\t\t\t\t\t\t\t<p>ESPACE ENTREPRISES<\/p>\t\t\t\t\t\t<\/div>\n\t\t\t\t<\/div>\n\t\t\t\t\t<\/div>\n\t\t<\/div>\n\t\t\t\t\t\t\t<\/div>\n\t\t<\/section>\n\t\t\t\t<section class=\"elementor-section elementor-top-section elementor-element elementor-element-7dd8b9e elementor-section-boxed elementor-section-height-default elementor-section-height-default\" data-id=\"7dd8b9e\" data-element_type=\"section\">\n\t\t\t\t\t\t<div class=\"elementor-container elementor-column-gap-default\">\n\t\t\t\t\t<div class=\"elementor-column elementor-col-100 elementor-top-column elementor-element elementor-element-d892b60\" data-id=\"d892b60\" data-element_type=\"column\">\n\t\t\t<div class=\"elementor-widget-wrap elementor-element-populated\">\n\t\t\t\t\t\t\t\t<div class=\"elementor-element elementor-element-f05f250 elementor-widget elementor-widget-spacer\" data-id=\"f05f250\" data-element_type=\"widget\" data-widget_type=\"spacer.default\">\n\t\t\t\t<div class=\"elementor-widget-container\">\n\t\t\t\t\t<div class=\"elementor-spacer\">\n\t\t\t<div class=\"elementor-spacer-inner\"><\/div>\n\t\t<\/div>\n\t\t\t\t<\/div>\n\t\t\t\t<\/div>\n\t\t\t\t<div class=\"elementor-element elementor-element-ad0a5fe elementor-widget elementor-widget-heading\" data-id=\"ad0a5fe\" data-element_type=\"widget\" data-widget_type=\"heading.default\">\n\t\t\t\t<div class=\"elementor-widget-container\">\n\t\t\t<h1 class=\"elementor-heading-title elementor-size-default\">Qu'est ce qu'un GEIQ ?<\/h1>\t\t<\/div>\n\t\t\t\t<\/div>\n\t\t\t\t<div class=\"elementor-element elementor-element-1c251b5 elementor-widget elementor-widget-spacer\" data-id=\"1c251b5\" data-element_type=\"widget\" data-widget_type=\"spacer.default\">\n\t\t\t\t<div class=\"elementor-widget-container\">\n\t\t\t\t\t<div class=\"elementor-spacer\">\n\t\t\t<div class=\"elementor-spacer-inner\"><\/div>\n\t\t<\/div>\n\t\t\t\t<\/div>\n\t\t\t\t<\/div>\n\t\t\t\t\t<\/div>\n\t\t<\/div>\n\t\t\t\t\t\t\t<\/div>\n\t\t<\/section>\n\t\t\t\t<section class=\"elementor-section elementor-top-section elementor-element elementor-element-5811c70 elementor-section-boxed elementor-section-height-default elementor-section-height-default\" data-id=\"5811c70\" data-element_type=\"section\">\n\t\t\t\t\t\t<div class=\"elementor-container elementor-column-gap-default\">\n\t\t\t\t\t<div class=\"elementor-column elementor-col-50 elementor-top-column elementor-element elementor-element-d285eec\" data-id=\"d285eec\" data-element_type=\"column\">\n\t\t\t<div class=\"elementor-widget-wrap elementor-element-populated\">\n\t\t\t\t\t\t\t\t<div class=\"elementor-element elementor-element-a8969a5 elementor-widget elementor-widget-text-editor\" data-id=\"a8969a5\" data-element_type=\"widget\" data-widget_type=\"text-editor.default\">\n\t\t\t\t<div class=\"elementor-widget-container\">\n\t\t\t\t\t\t\t\t<p>Un Geiq est un collectif d&rsquo;entreprises, pilot\u00e9 par ses adh\u00e9rents. Il regroupe des entreprises qui parient sur le potentiel de personnes en difficult\u00e9 d&rsquo;acc\u00e8s \u00e0 l&#8217;emploi pour r\u00e9soudre leurs probl\u00e8mes structurels de recrutement, en organisant des parcours d&rsquo;insertion et de qualification.<\/p>\t\t\t\t\t\t<\/div>\n\t\t\t\t<\/div>\n\t\t\t\t<div class=\"elementor-element elementor-element-af42bcd elementor-align-center elementor-widget elementor-widget-button\" data-id=\"af42bcd\" data-element_type=\"widget\" data-widget_type=\"button.default\">\n\t\t\t\t<div class=\"elementor-widget-container\">\n\t\t\t\t\t<div class=\"elementor-button-wrapper\">\n\t\t\t<a href=\"https:\/\/geiq-gard.fr\/index.php\/pourquoi-choisir-le-geiq\/\" class=\"elementor-button-link elementor-button elementor-size-xs\" role=\"button\">\n\t\t\t\t\t\t<span class=\"elementor-button-content-wrapper\">\n\t\t\t\t\t\t<span class=\"elementor-button-text\">En savoir plus<\/span>\n\t\t<\/span>\n\t\t\t\t\t<\/a>\n\t\t<\/div>\n\t\t\t\t<\/div>\n\t\t\t\t<\/div>\n\t\t\t\t\t<\/div>\n\t\t<\/div>\n\t\t\t\t<div class=\"elementor-column elementor-col-50 elementor-top-column elementor-element elementor-element-2115c55\" data-id=\"2115c55\" data-element_type=\"column\">\n\t\t\t<div class=\"elementor-widget-wrap elementor-element-populated\">\n\t\t\t\t\t\t\t\t<div class=\"elementor-element elementor-element-f700902 elementor-aspect-ratio-169 elementor-widget elementor-widget-video\" data-id=\"f700902\" data-element_type=\"widget\" data-settings=\"{&quot;youtube_url&quot;:&quot;https:\\\/\\\/www.youtube.com\\\/watch?v=29HdUEtcbTY&quot;,&quot;video_type&quot;:&quot;youtube&quot;,&quot;controls&quot;:&quot;yes&quot;,&quot;aspect_ratio&quot;:&quot;169&quot;}\" data-widget_type=\"video.default\">\n\t\t\t\t<div class=\"elementor-widget-container\">\n\t\t\t\t\t<div class=\"elementor-wrapper elementor-fit-aspect-ratio elementor-open-inline\">\n\t\t\t<div class=\"elementor-video\"><\/div>\t\t<\/div>\n\t\t\t\t<\/div>\n\t\t\t\t<\/div>\n\t\t\t\t\t<\/div>\n\t\t<\/div>\n\t\t\t\t\t\t\t<\/div>\n\t\t<\/section>\n\t\t\t\t<section class=\"elementor-section elementor-top-section elementor-element elementor-element-8992f9e elementor-section-boxed elementor-section-height-default elementor-section-height-default\" data-id=\"8992f9e\" data-element_type=\"section\">\n\t\t\t\t\t\t<div class=\"elementor-container elementor-column-gap-default\">\n\t\t\t\t\t<div class=\"elementor-column elementor-col-100 elementor-top-column elementor-element elementor-element-39e46ca\" data-id=\"39e46ca\" data-element_type=\"column\">\n\t\t\t<div class=\"elementor-widget-wrap elementor-element-populated\">\n\t\t\t\t\t\t\t\t<div class=\"elementor-element elementor-element-729b0f2 elementor-widget elementor-widget-spacer\" data-id=\"729b0f2\" data-element_type=\"widget\" data-widget_type=\"spacer.default\">\n\t\t\t\t<div class=\"elementor-widget-container\">\n\t\t\t\t\t<div class=\"elementor-spacer\">\n\t\t\t<div class=\"elementor-spacer-inner\"><\/div>\n\t\t<\/div>\n\t\t\t\t<\/div>\n\t\t\t\t<\/div>\n\t\t\t\t<div class=\"elementor-element elementor-element-e56104a elementor-widget elementor-widget-heading\" data-id=\"e56104a\" data-element_type=\"widget\" data-widget_type=\"heading.default\">\n\t\t\t\t<div class=\"elementor-widget-container\">\n\t\t\t<h2 class=\"elementor-heading-title elementor-size-default\">Quelques chiffres<\/h2>\t\t<\/div>\n\t\t\t\t<\/div>\n\t\t\t\t<div class=\"elementor-element elementor-element-a4c9b14 elementor-widget elementor-widget-spacer\" data-id=\"a4c9b14\" data-element_type=\"widget\" data-widget_type=\"spacer.default\">\n\t\t\t\t<div class=\"elementor-widget-container\">\n\t\t\t\t\t<div class=\"elementor-spacer\">\n\t\t\t<div class=\"elementor-spacer-inner\"><\/div>\n\t\t<\/div>\n\t\t\t\t<\/div>\n\t\t\t\t<\/div>\n\t\t\t\t\t<\/div>\n\t\t<\/div>\n\t\t\t\t\t\t\t<\/div>\n\t\t<\/section>\n\t\t\t\t<section class=\"elementor-section elementor-top-section elementor-element elementor-element-63e2804 elementor-section-boxed elementor-section-height-default elementor-section-height-default\" data-id=\"63e2804\" data-element_type=\"section\">\n\t\t\t\t\t\t<div class=\"elementor-container elementor-column-gap-default\">\n\t\t\t\t\t<div class=\"elementor-column elementor-col-25 elementor-top-column elementor-element elementor-element-4a3d73f\" data-id=\"4a3d73f\" data-element_type=\"column\">\n\t\t\t<div class=\"elementor-widget-wrap elementor-element-populated\">\n\t\t\t\t\t\t\t\t<div class=\"elementor-element elementor-element-d3ab9f8 elementor-widget elementor-widget-counter\" data-id=\"d3ab9f8\" data-element_type=\"widget\" data-widget_type=\"counter.default\">\n\t\t\t\t<div class=\"elementor-widget-container\">\n\t\t\t\t\t<div class=\"elementor-counter\">\n\t\t\t<div class=\"elementor-counter-number-wrapper\">\n\t\t\t\t<span class=\"elementor-counter-number-prefix\"><\/span>\n\t\t\t\t<span class=\"elementor-counter-number\" data-duration=\"1500\" data-to-value=\"72\" data-from-value=\"0\" data-delimiter=\",\">0<\/span>\n\t\t\t\t<span class=\"elementor-counter-number-suffix\">%<\/span>\n\t\t\t<\/div>\n\t\t\t\t\t\t\t<div class=\"elementor-counter-title\">Sorties vers l'emploi apr\u00e8s un contrat<\/div>\n\t\t\t\t\t<\/div>\n\t\t\t\t<\/div>\n\t\t\t\t<\/div>\n\t\t\t\t\t<\/div>\n\t\t<\/div>\n\t\t\t\t<div class=\"elementor-column elementor-col-25 elementor-top-column elementor-element elementor-element-8467435\" data-id=\"8467435\" data-element_type=\"column\">\n\t\t\t<div class=\"elementor-widget-wrap elementor-element-populated\">\n\t\t\t\t\t\t\t\t<div class=\"elementor-element elementor-element-0a25467 elementor-widget elementor-widget-counter\" data-id=\"0a25467\" data-element_type=\"widget\" data-widget_type=\"counter.default\">\n\t\t\t\t<div class=\"elementor-widget-container\">\n\t\t\t\t\t<div class=\"elementor-counter\">\n\t\t\t<div class=\"elementor-counter-number-wrapper\">\n\t\t\t\t<span class=\"elementor-counter-number-prefix\"><\/span>\n\t\t\t\t<span class=\"elementor-counter-number\" data-duration=\"1500\" data-to-value=\"83\" data-from-value=\"0\" data-delimiter=\",\">0<\/span>\n\t\t\t\t<span class=\"elementor-counter-number-suffix\">%<\/span>\n\t\t\t<\/div>\n\t\t\t\t\t\t\t<div class=\"elementor-counter-title\">D'obtention de qualification dans l'ann\u00e9e<\/div>\n\t\t\t\t\t<\/div>\n\t\t\t\t<\/div>\n\t\t\t\t<\/div>\n\t\t\t\t\t<\/div>\n\t\t<\/div>\n\t\t\t\t<div class=\"elementor-column elementor-col-25 elementor-top-column elementor-element elementor-element-b57506f\" data-id=\"b57506f\" data-element_type=\"column\">\n\t\t\t<div class=\"elementor-widget-wrap elementor-element-populated\">\n\t\t\t\t\t\t\t\t<div class=\"elementor-element elementor-element-ebf177f elementor-widget elementor-widget-counter\" data-id=\"ebf177f\" data-element_type=\"widget\" data-widget_type=\"counter.default\">\n\t\t\t\t<div class=\"elementor-widget-container\">\n\t\t\t\t\t<div class=\"elementor-counter\">\n\t\t\t<div class=\"elementor-counter-number-wrapper\">\n\t\t\t\t<span class=\"elementor-counter-number-prefix\"><\/span>\n\t\t\t\t<span class=\"elementor-counter-number\" data-duration=\"1500\" data-to-value=\"-5\" data-from-value=\"0\" data-delimiter=\",\">0<\/span>\n\t\t\t\t<span class=\"elementor-counter-number-suffix\">%<\/span>\n\t\t\t<\/div>\n\t\t\t\t\t\t\t<div class=\"elementor-counter-title\">Taux de rupture<\/div>\n\t\t\t\t\t<\/div>\n\t\t\t\t<\/div>\n\t\t\t\t<\/div>\n\t\t\t\t\t<\/div>\n\t\t<\/div>\n\t\t\t\t<div class=\"elementor-column elementor-col-25 elementor-top-column elementor-element elementor-element-50c64ac\" data-id=\"50c64ac\" data-element_type=\"column\">\n\t\t\t<div class=\"elementor-widget-wrap elementor-element-populated\">\n\t\t\t\t\t\t\t\t<div class=\"elementor-element elementor-element-4e85882 elementor-widget elementor-widget-counter\" data-id=\"4e85882\" data-element_type=\"widget\" data-widget_type=\"counter.default\">\n\t\t\t\t<div class=\"elementor-widget-container\">\n\t\t\t\t\t<div class=\"elementor-counter\">\n\t\t\t<div class=\"elementor-counter-number-wrapper\">\n\t\t\t\t<span class=\"elementor-counter-number-prefix\"><\/span>\n\t\t\t\t<span class=\"elementor-counter-number\" data-duration=\"2000\" data-to-value=\"95\" data-from-value=\"0\" data-delimiter=\",\">0<\/span>\n\t\t\t\t<span class=\"elementor-counter-number-suffix\">%<\/span>\n\t\t\t<\/div>\n\t\t\t\t\t\t\t<div class=\"elementor-counter-title\">D'entreprises satisfaites<\/div>\n\t\t\t\t\t<\/div>\n\t\t\t\t<\/div>\n\t\t\t\t<\/div>\n\t\t\t\t\t<\/div>\n\t\t<\/div>\n\t\t\t\t\t\t\t<\/div>\n\t\t<\/section>\n\t\t\t\t<section class=\"elementor-section elementor-top-section elementor-element elementor-element-9c16bb5 elementor-section-boxed elementor-section-height-default elementor-section-height-default\" data-id=\"9c16bb5\" data-element_type=\"section\">\n\t\t\t\t\t\t<div class=\"elementor-container elementor-column-gap-default\">\n\t\t\t\t\t<div class=\"elementor-column elementor-col-100 elementor-top-column elementor-element elementor-element-0db2b3e\" data-id=\"0db2b3e\" data-element_type=\"column\">\n\t\t\t<div class=\"elementor-widget-wrap elementor-element-populated\">\n\t\t\t\t\t\t\t\t<div class=\"elementor-element elementor-element-1a6a791 elementor-widget elementor-widget-spacer\" data-id=\"1a6a791\" data-element_type=\"widget\" data-widget_type=\"spacer.default\">\n\t\t\t\t<div class=\"elementor-widget-container\">\n\t\t\t\t\t<div class=\"elementor-spacer\">\n\t\t\t<div class=\"elementor-spacer-inner\"><\/div>\n\t\t<\/div>\n\t\t\t\t<\/div>\n\t\t\t\t<\/div>\n\t\t\t\t<div class=\"elementor-element elementor-element-6728a80 elementor-widget elementor-widget-heading\" data-id=\"6728a80\" data-element_type=\"widget\" data-widget_type=\"heading.default\">\n\t\t\t\t<div class=\"elementor-widget-container\">\n\t\t\t<h2 class=\"elementor-heading-title elementor-size-default\">Le r\u00e9seau<\/h2>\t\t<\/div>\n\t\t\t\t<\/div>\n\t\t\t\t\t<\/div>\n\t\t<\/div>\n\t\t\t\t\t\t\t<\/div>\n\t\t<\/section>\n\t\t\t\t<section class=\"elementor-section elementor-top-section elementor-element elementor-element-55a7ec8 elementor-section-boxed elementor-section-height-default elementor-section-height-default\" data-id=\"55a7ec8\" data-element_type=\"section\">\n\t\t\t\t\t\t<div class=\"elementor-container elementor-column-gap-default\">\n\t\t\t\t\t<div class=\"elementor-column elementor-col-100 elementor-top-column elementor-element elementor-element-4ec96ae\" data-id=\"4ec96ae\" data-element_type=\"column\">\n\t\t\t<div class=\"elementor-widget-wrap elementor-element-populated\">\n\t\t\t\t\t\t\t\t<div class=\"elementor-element elementor-element-864ad93 elementor-widget elementor-widget-text-editor\" data-id=\"864ad93\" data-element_type=\"widget\" data-widget_type=\"text-editor.default\">\n\t\t\t\t<div class=\"elementor-widget-container\">\n\t\t\t\t\t\t\t\t<p>Le Geiq du Gard appartient \u00e0 un r\u00e9seau de <b>180 <\/b>GEIQ, <b>283 <\/b>IMPLANTATIONS LOCALES ET <b>9 <\/b>COMIT\u00c9S R\u00c9GIONAUX, POUR<b> AGIR AU PLUS PR\u00c8S <\/b>DES PROBL\u00c9MATIQUES <b>TERRITORIALES.<\/b><\/p><p>La grande majorit\u00e9 des Geiq sont des groupements sectoriels, r\u00e9unissant des employeurs d\u2019un m\u00eame secteur d\u2019activit\u00e9. Une dizaine de secteurs sont actuellement repr\u00e9sent\u00e9s et le nombre ne cesse de cro\u00eetre pour suivre l\u2019\u00e9volution des besoins des entreprises et des territoires impact\u00e9s par les ph\u00e9nom\u00e8nes de m\u00e9tiers en tension.<\/p>\t\t\t\t\t\t<\/div>\n\t\t\t\t<\/div>\n\t\t\t\t<div class=\"elementor-element elementor-element-c1fc334 elementor-widget elementor-widget-image\" data-id=\"c1fc334\" data-element_type=\"widget\" data-widget_type=\"image.default\">\n\t\t\t\t<div class=\"elementor-widget-container\">\n\t\t\t\t\t\t\t\t\t\t\t\t\t\t\t<img width=\"768\" height=\"768\" src=\"https:\/\/geiq-gard.fr\/wp-content\/uploads\/2021\/05\/carte-geiq-768x768.png\" class=\"attachment-medium_large size-medium_large\" alt=\"carte geiq\" loading=\"lazy\" srcset=\"https:\/\/geiq-gard.fr\/wp-content\/uploads\/2021\/05\/carte-geiq-768x768.png 768w, https:\/\/geiq-gard.fr\/wp-content\/uploads\/2021\/05\/carte-geiq-300x300.png 300w, https:\/\/geiq-gard.fr\/wp-content\/uploads\/2021\/05\/carte-geiq-1024x1024.png 1024w, https:\/\/geiq-gard.fr\/wp-content\/uploads\/2021\/05\/carte-geiq-150x150.png 150w, https:\/\/geiq-gard.fr\/wp-content\/uploads\/2021\/05\/carte-geiq-1536x1536.png 1536w, https:\/\/geiq-gard.fr\/wp-content\/uploads\/2021\/05\/carte-geiq-2048x2048.png 2048w\" sizes=\"(max-width: 768px) 100vw, 768px\" \/>\t\t\t\t\t\t\t\t\t\t\t\t\t\t\t<\/div>\n\t\t\t\t<\/div>\n\t\t\t\t\t<\/div>\n\t\t<\/div>\n\t\t\t\t\t\t\t<\/div>\n\t\t<\/section>\n\t\t\t\t\t\t<\/div>\n\t\t\t\t\t<\/div>\n\t\t","protected":false},"excerpt":{"rendered":"<p>G Offres d&#8217;emploi M\u00e9tiers du Geiq BTP\/MULTISECTORIEL ESPACE CANDIDAT Exprimer un besoin Pourquoi adh\u00e9rer au GEIQ ? ESPACE ENTREPRISE ESPACE ENTREPRISES Qu&rsquo;est ce qu&rsquo;un GEIQ ? Un Geiq est un collectif d&rsquo;entreprises, pilot\u00e9 par ses adh\u00e9rents. Il regroupe des entreprises qui parient sur le potentiel de personnes en difficult\u00e9 d&rsquo;acc\u00e8s \u00e0 l&#8217;emploi pour r\u00e9soudre leurs [&hellip;]<\/p>\n","protected":false},"author":1,"featured_media":0,"parent":0,"menu_order":0,"comment_status":"closed","ping_status":"closed","template":"","meta":[],"yoast_head":"<!-- This site is optimized with the Yoast SEO plugin v16.4 - https:\/\/yoast.com\/wordpress\/plugins\/seo\/ -->\n<title>Accueil<\/title>\n<meta name=\"description\" content=\"G Offres d&#039;emploi M\u00e9tiers du Geiq BTP\/MULTISECTORIEL ESPACE CANDIDAT Exprimer un besoin Pourquoi adh\u00e9rer au GEIQ ? ESPACE ENTREPRISE ESPACE ENTREPRISES\" \/>\n<meta name=\"robots\" content=\"index, follow, max-snippet:-1, max-image-preview:large, max-video-preview:-1\" \/>\n<link rel=\"canonical\" href=\"https:\/\/geiq-gard.fr\/\" \/>\n<meta property=\"og:locale\" content=\"fr_FR\" \/>\n<meta property=\"og:type\" content=\"article\" \/>\n<meta property=\"og:title\" content=\"Accueil\" \/>\n<meta property=\"og:description\" content=\"G Offres d&#039;emploi M\u00e9tiers du Geiq BTP\/MULTISECTORIEL ESPACE CANDIDAT Exprimer un besoin Pourquoi adh\u00e9rer au GEIQ ? ESPACE ENTREPRISE ESPACE ENTREPRISES\" \/>\n<meta property=\"og:url\" content=\"https:\/\/geiq-gard.fr\/\" \/>\n<meta property=\"og:site_name\" content=\"WordPress\" \/>\n<meta property=\"article:modified_time\" content=\"2021-06-08T18:40:37+00:00\" \/>\n<meta property=\"og:image\" content=\"https:\/\/geiq-gard.fr\/wp-content\/uploads\/2021\/04\/cropped-cropped-logos-double-sans-fond-4-300x82.png\" \/>\n<meta name=\"twitter:card\" content=\"summary_large_image\" \/>\n<meta name=\"twitter:label1\" content=\"Dur\u00e9e de lecture est.\" \/>\n\t<meta name=\"twitter:data1\" content=\"2 minutes\" \/>\n<script type=\"application\/ld+json\" class=\"yoast-schema-graph\">{\"@context\":\"https:\/\/schema.org\",\"@graph\":[{\"@type\":\"WebSite\",\"@id\":\"https:\/\/geiq-gard.fr\/#website\",\"url\":\"https:\/\/geiq-gard.fr\/\",\"name\":\"WordPress\",\"description\":\"Un site utilisant WordPress\",\"potentialAction\":[{\"@type\":\"SearchAction\",\"target\":\"https:\/\/geiq-gard.fr\/?s={search_term_string}\",\"query-input\":\"required name=search_term_string\"}],\"inLanguage\":\"fr-FR\"},{\"@type\":\"ImageObject\",\"@id\":\"https:\/\/geiq-gard.fr\/#primaryimage\",\"inLanguage\":\"fr-FR\",\"url\":\"https:\/\/geiq-gard.fr\/wp-content\/uploads\/2021\/04\/cropped-cropped-logos-double-sans-fond-4.png\",\"contentUrl\":\"https:\/\/geiq-gard.fr\/wp-content\/uploads\/2021\/04\/cropped-cropped-logos-double-sans-fond-4.png\",\"width\":5442,\"height\":1494},{\"@type\":\"WebPage\",\"@id\":\"https:\/\/geiq-gard.fr\/#webpage\",\"url\":\"https:\/\/geiq-gard.fr\/\",\"name\":\"Accueil\",\"isPartOf\":{\"@id\":\"https:\/\/geiq-gard.fr\/#website\"},\"primaryImageOfPage\":{\"@id\":\"https:\/\/geiq-gard.fr\/#primaryimage\"},\"datePublished\":\"2021-04-09T16:38:22+00:00\",\"dateModified\":\"2021-06-08T18:40:37+00:00\",\"description\":\"G Offres d'emploi M\\u00e9tiers du Geiq BTP\/MULTISECTORIEL ESPACE CANDIDAT Exprimer un besoin Pourquoi adh\\u00e9rer au GEIQ ? ESPACE ENTREPRISE ESPACE ENTREPRISES\",\"breadcrumb\":{\"@id\":\"https:\/\/geiq-gard.fr\/#breadcrumb\"},\"inLanguage\":\"fr-FR\",\"potentialAction\":[{\"@type\":\"ReadAction\",\"target\":[\"https:\/\/geiq-gard.fr\/\"]}]},{\"@type\":\"BreadcrumbList\",\"@id\":\"https:\/\/geiq-gard.fr\/#breadcrumb\",\"itemListElement\":[{\"@type\":\"ListItem\",\"position\":1,\"item\":{\"@type\":\"WebPage\",\"@id\":\"https:\/\/geiq-gard.fr\/\",\"url\":\"https:\/\/geiq-gard.fr\/\",\"name\":\"Accueil\"}},{\"@type\":\"ListItem\",\"position\":2,\"item\":{\"@id\":\"https:\/\/geiq-gard.fr\/#webpage\"}}]}]}<\/script>\n<!-- \/ Yoast SEO plugin. -->","_links":{"self":[{"href":"https:\/\/geiq-gard.fr\/index.php\/wp-json\/wp\/v2\/pages\/30"}],"collection":[{"href":"https:\/\/geiq-gard.fr\/index.php\/wp-json\/wp\/v2\/pages"}],"about":[{"href":"https:\/\/geiq-gard.fr\/index.php\/wp-json\/wp\/v2\/types\/page"}],"author":[{"embeddable":true,"href":"https:\/\/geiq-gard.fr\/index.php\/wp-json\/wp\/v2\/users\/1"}],"replies":[{"embeddable":true,"href":"https:\/\/geiq-gard.fr\/index.php\/wp-json\/wp\/v2\/comments?post=30"}],"version-history":[{"count":218,"href":"https:\/\/geiq-gard.fr\/index.php\/wp-json\/wp\/v2\/pages\/30\/revisions"}],"predecessor-version":[{"id":1035,"href":"https:\/\/geiq-gard.fr\/index.php\/wp-json\/wp\/v2\/pages\/30\/revisions\/1035"}],"wp:attachment":[{"href":"https:\/\/geiq-gard.fr\/index.php\/wp-json\/wp\/v2\/media?parent=30"}],"curies":[{"name":"wp","href":"https:\/\/api.w.org\/{rel}","templated":true}]}}